{"id":2034,"date":"2020-07-09T15:24:07","date_gmt":"2020-07-09T15:24:07","guid":{"rendered":"https:\/\/festival.galactic.one\/?page_id=2034"},"modified":"2022-08-20T14:34:19","modified_gmt":"2022-08-20T14:34:19","slug":"ghidul-participantului-la-tgiff","status":"publish","type":"page","link":"https:\/\/festival.galactic.one\/2023\/ghidul-participantului-la-tgiff\/","title":{"rendered":"Ghidul participantului la TGIFF"},"content":{"rendered":"<p>[vc_row][vc_column][vc_column_text]Acesta este un ghid pentru publicul participant la Festivalul de film \u201eThe Galactic Imaginarium\u201d (TGIFF): aproape tot ce trebuie s\u0103 \u0219ti\u021bi, astfel \u00eenc\u00e2t s\u0103 v\u0103 pute\u021bi bucura de timpul petrecut la Festival. Dac\u0103 ave\u021bi nevoie alte informa\u021bii dec\u0103t cele prezente \u00een acest ghid, nu ezita\u021bi s\u0103 ne trimite\u021bi un e-mail, folosind adresa de e-mail din partea de jos a paginii principale a site-ului.<\/p>\n<h5>C\u00e2nd va avea loc Festivalul?<\/h5>\n<p>Edi\u021bia TGIFF de anul acesta va avea loc \u00een 17-25 septembrie 2022.<\/p>\n<p>&nbsp;<\/p>\n<h5>\u00cen ce limb\u0103 se vorbe\u0219te la Festival?<\/h5>\n<p>TGIFF este un festival interna\u021bional, care are ca limbi oficiale Engleza (limb\u0103 principal\u0103) \u0219i Rom\u00e2na (limb\u0103 secundar\u0103). Ogranizatorii vor \u00eencerca s\u0103 ofere servicii de traducere simultan\u0103 pentru o parte din firul principal de programe.<\/p>\n<h5>Cum se va desf\u0103\u0219ura festivalul?<\/h5>\n<p>Festivalul de film Science Fiction \u0219i Fantasy se va desf\u0103\u0219ura \u00een sistem hibrid, la loca\u021bie (Casa de Cultur\u0103 din Dumbr\u0103vi\u021ba Timi\u0219) \u0219i online<\/p>\n<p>Programul Festivalului este urm\u0103torul:<\/p>\n<ul>\n<li>September 17-25 &#8211; Festival online, cu vizionare de filme \u00een sistem de streaming (trebuie s\u0103 cumperi un bilet la Shop, vezi meniul de sus) \u0219i program pe ZOOM (gratuit)<\/li>\n<li>September 17-24 \u2013 vizionare de filme la loca\u021bie, 20.00-23.00<\/li>\n<li>September 23-24 \u2013 Zona de activit\u0103\u021bi, v\u00e2nzare, jocuri \u0219i socializare, la locatie, 10.00-18.00<\/li>\n<\/ul>\n<p><strong>Programul detaliat<\/strong> poate fi consultat pe internet (<a href=\"https:\/\/festival.galactic.one\/2023\/tgiff-program\/\">click aici<\/a>).<\/p>\n<p><em>Loca\u021bia ZOOM<\/em><\/p>\n<p>Este destinat\u0103 firului programelor online, care va con\u021bine:<br \/>\n-conferin\u021bele de pres\u0103<br \/>\n-deschiderea Festivalului<br \/>\n-discu\u021bii cu echipa de realizarea a filmului<br \/>\n-paneluri cu invitatii \u00een program \u0219i invita\u021bii speciali<br \/>\n-festivitatea de acordare a premiilor TGIFF<br \/>\n-prezent\u0103ri<br \/>\n-workshopuri<br \/>\n-Gala de premiere<\/p>\n<p><em>Facebook<\/em><\/p>\n<p>Este localizat\u0103 \u00een contul de Facebook al Festivalului, unde va fi distribuita\u00a0 activitatea de pe ZOOM<\/p>\n<h5>Participarea la TGIFF Online<\/h5>\n<p>Pentru a participa la TGIFF Online, trebuie s\u0103 achizi\u021bionezi un bilet de participarede la <a href=\"https:\/\/festival.galactic.one\/shop\/\">shop<\/a>, pentru a vedea filmele \u00een sistem de streaming.<\/p>\n<h5>Ave\u021bi nevoie de voluntari?<\/h5>\n<p>Da! Te rug\u0103m s\u0103 consul\u021bi pagina noastr\u0103 de voluntari:<br \/>\n<a href=\"https:\/\/festival.galactic.one\/volunteers\/\">https:\/\/festival.galactic.one\/volunteers\/<\/a><\/p>\n<h5>Pot ajuta financiar Festivalul?<\/h5>\n<p>Da, po\u021bi! TGIFF este organizat de un ONG, \u201eAsocia\u021bia pentru Educa\u021bie Complementar\u0103\u201d. Orice dona\u021bie este binevenit\u0103. Te rug\u0103m s\u0103 ne contactezi prin e-mail, prezent \u00een partea de jos a paginii de pornire.<\/p>\n<h5>Exist\u0103 alte reguli de care trebuie s\u0103 \u0219tiu?<\/h5>\n<p>Da, te rug\u0103m s\u0103 cite\u0219ti pagina noastr\u0103 de<a href=\"https:\/\/festival.galactic.one\/reguli-la-festival\/\"> Reguli la festival<\/a>, unde g\u0103se\u0219ti informa\u021bii detaliate despre politicile noastre \u00eempotriva h\u0103r\u021buirii, politicile noastre de curtoazie \u0219i multe altele.<\/p>\n<p>TGIFF nu va tolera h\u0103r\u021buirea, intimidarea, amenin\u021b\u0103rile sau violen\u021ba sub nicio form\u0103. Vom reac\u021biona rapid \u0219i corespunz\u0103tor pentru a elimina aceste comportamente, \u0219i vom lua m\u0103suri corespunz\u0103toare, care pot fi anularea accesului f\u0103ptuitorului la Festival, chiar \u0219i pentru edi\u021biile viitoare. Te rug\u0103m s\u0103 mergi la Recep\u021bia festivalului (care va fi prezent\u0103 pe serverul virtual Discord) pentru a cere ajutor!<\/p>\n<p>Avem o politic\u0103 de polite\u021be specific\u0103: nu abuza de timpul oaspe\u021bilor no\u0219ti, \u00een cadrul elementelor de program \u0219i \u00een afara acestora; nu vorbi \u00een timpul programului, dec\u00e2t dac\u0103 participi la sesiunea de \u00eentreb\u0103ri \u0219i r\u0103spunsuri.<\/p>\n<h5>Ce fac dac\u0103 am alte \u00eentreb\u0103ri sau dac\u0103 apar probleme urgente, inclusiv vreau s\u0103 depun o pl\u00e2ngere?<\/h5>\n<p>Te rug\u0103m s\u0103 mergi la Recep\u021bie (situat\u0103 pe serverul Discord) s\u0103 solici\u021bi sprijin oric\u0103rui membru al festivalului, prezent online sau pe WApp Customer Service +40 729 455 981<\/p>\n<p><span style=\"color: #ffff00;\"><em>Sper\u0103m c\u0103 acest ghid te va ajuta s\u0103 te bucuri nestingherit de activit\u0103\u021bile de la Festival \u2013 \u0219i, desigur, ne-ar face pl\u0103cere s\u0103 auzim feedback-ul T\u0103u. Contacteaz\u0103-ne dac\u0103 ai sugestii sau \u00eentreb\u0103ri!<\/em><\/span>[\/vc_column_text][\/vc_column][\/vc_row]<\/p>\n","protected":false},"excerpt":{"rendered":"<p>[vc_row][vc_column][vc_column_text]Acesta este un ghid pentru publicul participant la Festivalul de film \u201eThe Galactic Imaginarium\u201d (TGIFF): aproape tot ce trebuie s\u0103 \u0219ti\u021bi, astfel \u00eenc\u00e2t s\u0103 v\u0103 pute\u021bi bucura de timpul petrecut la Festival. Dac\u0103 ave\u021bi nevoie alte informa\u021bii dec\u0103t cele prezente \u00een acest ghid, nu ezita\u021bi s\u0103 ne trimite\u021bi un e-mail, folosind adresa de e-mail din [&hellip;]<\/p>\n","protected":false},"author":2,"featured_media":0,"parent":0,"menu_order":0,"comment_status":"closed","ping_status":"closed","template":"","meta":[],"acf":[],"_links":{"self":[{"href":"https:\/\/festival.galactic.one\/2023\/wp-json\/wp\/v2\/pages\/2034"}],"collection":[{"href":"https:\/\/festival.galactic.one\/2023\/wp-json\/wp\/v2\/pages"}],"about":[{"href":"https:\/\/festival.galactic.one\/2023\/wp-json\/wp\/v2\/types\/page"}],"author":[{"embeddable":true,"href":"https:\/\/festival.galactic.one\/2023\/wp-json\/wp\/v2\/users\/2"}],"replies":[{"embeddable":true,"href":"https:\/\/festival.galactic.one\/2023\/wp-json\/wp\/v2\/comments?post=2034"}],"version-history":[{"count":8,"href":"https:\/\/festival.galactic.one\/2023\/wp-json\/wp\/v2\/pages\/2034\/revisions"}],"predecessor-version":[{"id":17130,"href":"https:\/\/festival.galactic.one\/2023\/wp-json\/wp\/v2\/pages\/2034\/revisions\/17130"}],"wp:attachment":[{"href":"https:\/\/festival.galactic.one\/2023\/wp-json\/wp\/v2\/media?parent=2034"}],"curies":[{"name":"wp","href":"https:\/\/api.w.org\/{rel}","templated":true}]}}