{"id":1997,"date":"2020-07-08T16:08:36","date_gmt":"2020-07-08T16:08:36","guid":{"rendered":"https:\/\/festival.galactic.one\/?page_id=1997"},"modified":"2023-07-06T16:42:09","modified_gmt":"2023-07-06T16:42:09","slug":"tgiff","status":"publish","type":"page","link":"https:\/\/festival.galactic.one\/2023\/tgiff\/","title":{"rendered":"TGIFF (RO)"},"content":{"rendered":"<p>TGIFF este un festival de film g\u0103zduit \u00een diferite loca\u021bii, cl\u0103diri sau spa\u021bii \u00een aer liber.<\/p>\n<p>Loca\u021biile interioare sunt:<\/p>\n<ul>\n<li>Casa de cultur\u0103 Dumbr\u0103vi\u021ba<\/li>\n<li>Centrul de zi Dumbravi\u021ba<\/li>\n<\/ul>\n<p>Loca\u021biile \u00een aer liber sunt:<\/p>\n<ul>\n<li>Parcarea S\u0103lii Polivalente Dumbr\u0103vi\u021ba<\/li>\n<li>Parcarea Casei de cultur\u0103 Dumbr\u0103vi\u021ba<\/li>\n<\/ul>\n<p>Aceste spa\u021bii sunt utilizate \u00een diverse scopuri, \u00een func\u021bie de necesit\u0103\u021bile programului festivalului.<\/p>\n","protected":false},"excerpt":{"rendered":"<p>TGIFF este un festival de film g\u0103zduit \u00een diferite loca\u021bii, cl\u0103diri sau spa\u021bii \u00een aer liber. Loca\u021biile interioare sunt: Casa de cultur\u0103 Dumbr\u0103vi\u021ba Centrul de zi Dumbravi\u021ba Loca\u021biile \u00een aer liber sunt: Parcarea S\u0103lii Polivalente Dumbr\u0103vi\u021ba Parcarea Casei de cultur\u0103 Dumbr\u0103vi\u021ba Aceste spa\u021bii sunt utilizate \u00een diverse scopuri, \u00een func\u021bie de necesit\u0103\u021bile programului festivalului.<\/p>\n","protected":false},"author":2,"featured_media":0,"parent":0,"menu_order":0,"comment_status":"closed","ping_status":"closed","template":"","meta":[],"acf":[],"_links":{"self":[{"href":"https:\/\/festival.galactic.one\/2023\/wp-json\/wp\/v2\/pages\/1997"}],"collection":[{"href":"https:\/\/festival.galactic.one\/2023\/wp-json\/wp\/v2\/pages"}],"about":[{"href":"https:\/\/festival.galactic.one\/2023\/wp-json\/wp\/v2\/types\/page"}],"author":[{"embeddable":true,"href":"https:\/\/festival.galactic.one\/2023\/wp-json\/wp\/v2\/users\/2"}],"replies":[{"embeddable":true,"href":"https:\/\/festival.galactic.one\/2023\/wp-json\/wp\/v2\/comments?post=1997"}],"version-history":[{"count":5,"href":"https:\/\/festival.galactic.one\/2023\/wp-json\/wp\/v2\/pages\/1997\/revisions"}],"predecessor-version":[{"id":17353,"href":"https:\/\/festival.galactic.one\/2023\/wp-json\/wp\/v2\/pages\/1997\/revisions\/17353"}],"wp:attachment":[{"href":"https:\/\/festival.galactic.one\/2023\/wp-json\/wp\/v2\/media?parent=1997"}],"curies":[{"name":"wp","href":"https:\/\/api.w.org\/{rel}","templated":true}]}}