{"id":17644,"date":"2023-09-04T19:52:16","date_gmt":"2023-09-04T19:52:16","guid":{"rendered":"https:\/\/festival.galactic.one\/2023\/?page_id=17644"},"modified":"2023-09-05T06:08:25","modified_gmt":"2023-09-05T06:08:25","slug":"atelier-de-water-dancing-scrima-pentru-copii","status":"publish","type":"page","link":"https:\/\/festival.galactic.one\/2023\/atelier-de-water-dancing-scrima-pentru-copii\/","title":{"rendered":"Atelier de Water Dancing (scrim\u0103 pentru copii)"},"content":{"rendered":"<div class=\"x11i5rnm xat24cr x1mh8g0r x1vvkbs xtlvy1s x126k92a\">\n<div dir=\"auto\">Atelierul de Water Dancing este o activitate educa\u021bional\u0103 cu caracter sportiv, bazat\u0103 pe sportul de scrim\u0103. Este dedicat copiilor peste 8 ani, fiind realizat \u00een condi\u021bii de siguran\u021b\u0103 maxim\u0103, cu s\u0103bii de spum\u0103.<\/div>\n<div dir=\"auto\"><\/div>\n<\/div>\n<div dir=\"auto\"><strong>Descriere:<\/strong> Water Dancing este stilul de scrim\u0103 prezent \u00een serialul TV &#8220;Game of Thrones&#8221;, pe care maestrul Syrio Forel din Bravos \u00eel pred\u0103 tinerei pre-adolescente Arya Stark. \u00cen serial, Syrio Forel este interpretat de actorul MIltos Yerolemou, care va fi prezent la Dumbr\u0103vi\u021ba pentru a face acest atelier introductiv de Water Dancing.<\/div>\n<div dir=\"auto\"><\/div>\n<div class=\"x11i5rnm xat24cr x1mh8g0r x1vvkbs xtlvy1s x126k92a\">\n<div dir=\"auto\"><img loading=\"lazy\" class=\"alignleft wp-image-17645 size-full\" src=\"https:\/\/festival.galactic.one\/2023\/wp-content\/uploads\/2023\/09\/WhatsApp-Image-2023-09-04-at-22.48.41.jpeg\" alt=\"\" width=\"304\" height=\"405\" srcset=\"https:\/\/festival.galactic.one\/2023\/wp-content\/uploads\/2023\/09\/WhatsApp-Image-2023-09-04-at-22.48.41.jpeg 304w, https:\/\/festival.galactic.one\/2023\/wp-content\/uploads\/2023\/09\/WhatsApp-Image-2023-09-04-at-22.48.41-225x300.jpeg 225w\" sizes=\"(max-width: 304px) 100vw, 304px\" \/><strong>Trainer:<\/strong> Miltos Yerolemou (actor britanic)<\/div>\n<div dir=\"auto\"><\/div>\n<\/div>\n<div class=\"x11i5rnm xat24cr x1mh8g0r x1vvkbs xtlvy1s x126k92a\">\n<div dir=\"auto\"><strong>V\u00e2rsta:<\/strong> este dedicat copiilor peste 8 ani, de ambe sexe (reamintim, \u00een serial stilul de scrim\u0103 este predat unei fete!)<\/div>\n<div dir=\"auto\"><\/div>\n<\/div>\n<div class=\"x11i5rnm xat24cr x1mh8g0r x1vvkbs xtlvy1s x126k92a\">\n<div dir=\"auto\"><strong>Capacitate maxim\u0103:<\/strong> 16 de copii. Locurile se ocup\u0103 \u00een ordinea \u00eenscrierii.<\/div>\n<div dir=\"auto\"><\/div>\n<div dir=\"auto\"><strong>Pre\u021b:<\/strong> 100 lei per copil<\/div>\n<div dir=\"auto\"><\/div>\n<\/div>\n<div class=\"x11i5rnm xat24cr x1mh8g0r x1vvkbs xtlvy1s x126k92a\">\n<div dir=\"auto\"><strong>\u00censcrierile la atelier:<\/strong>\u00a0 \u00een avans la Simona (coordonatorul &#8220;The Zone&#8221;) la telefon 0788.674.907 <span style=\"color: #ffff00;\"><strong>(mai sunt disonibile 6 locuri)<\/strong><\/span><\/div>\n<div dir=\"auto\"><\/div>\n<\/div>\n<div class=\"x11i5rnm xat24cr x1mh8g0r x1vvkbs xtlvy1s x126k92a\">\n<div dir=\"auto\"><strong>Durat\u0103:<\/strong> apoximativ 60 de minute<\/div>\n<div dir=\"auto\"><\/div>\n<\/div>\n<div class=\"x11i5rnm xat24cr x1mh8g0r x1vvkbs xtlvy1s x126k92a\">\n<div dir=\"auto\"><strong>Loca\u021bie:<\/strong> Sala mare a Casei de cultur\u0103 din Dumbr\u0103vi\u021ba<\/div>\n<div dir=\"auto\"><\/div>\n<\/div>\n<div class=\"x11i5rnm xat24cr x1mh8g0r x1vvkbs xtlvy1s x126k92a\">\n<div dir=\"auto\"><strong>Data:<\/strong> Duminic\u0103 24 septembrie, ora 11.00<\/div>\n<div dir=\"auto\"><\/div>\n<\/div>\n<div class=\"x11i5rnm xat24cr x1mh8g0r x1vvkbs xtlvy1s x126k92a\">\n<h4 dir=\"auto\">Cuprinsul atelierului<\/h4>\n<\/div>\n<div dir=\"auto\">Miltos Yerolemou va preda posturile de baz\u0103 ale stilului Water Dancing, c\u00e2teva mi\u0219c\u0103ri de scrim\u0103 din acest stil \u0219i va superviza dueluri unu-la-unu \u00eentre cursan\u021bi, care vor folosi s\u0103bii de spum\u0103.<\/div>\n<div dir=\"auto\"><\/div>\n<div dir=\"auto\"><img loading=\"lazy\" class=\"alignleft size-medium wp-image-17647\" src=\"https:\/\/festival.galactic.one\/2023\/wp-content\/uploads\/2023\/09\/71b50365-b13c-4f05-be62-bcb089095cfd-300x300.jpeg\" alt=\"\" width=\"300\" height=\"300\" srcset=\"https:\/\/festival.galactic.one\/2023\/wp-content\/uploads\/2023\/09\/71b50365-b13c-4f05-be62-bcb089095cfd-300x300.jpeg 300w, https:\/\/festival.galactic.one\/2023\/wp-content\/uploads\/2023\/09\/71b50365-b13c-4f05-be62-bcb089095cfd-1024x1024.jpeg 1024w, https:\/\/festival.galactic.one\/2023\/wp-content\/uploads\/2023\/09\/71b50365-b13c-4f05-be62-bcb089095cfd-150x150.jpeg 150w, https:\/\/festival.galactic.one\/2023\/wp-content\/uploads\/2023\/09\/71b50365-b13c-4f05-be62-bcb089095cfd-768x767.jpeg 768w, https:\/\/festival.galactic.one\/2023\/wp-content\/uploads\/2023\/09\/71b50365-b13c-4f05-be62-bcb089095cfd-1536x1534.jpeg 1536w, https:\/\/festival.galactic.one\/2023\/wp-content\/uploads\/2023\/09\/71b50365-b13c-4f05-be62-bcb089095cfd.jpeg 1599w\" sizes=\"(max-width: 300px) 100vw, 300px\" \/><img loading=\"lazy\" class=\"alignleft size-medium wp-image-17648\" src=\"https:\/\/festival.galactic.one\/2023\/wp-content\/uploads\/2023\/09\/743b45c9-f48e-401a-af88-f05bc39e4331.jpeg\" alt=\"\" width=\"300\" height=\"300\" srcset=\"https:\/\/festival.galactic.one\/2023\/wp-content\/uploads\/2023\/09\/743b45c9-f48e-401a-af88-f05bc39e4331.jpeg 300w, https:\/\/festival.galactic.one\/2023\/wp-content\/uploads\/2023\/09\/743b45c9-f48e-401a-af88-f05bc39e4331-150x150.jpeg 150w\" sizes=\"(max-width: 300px) 100vw, 300px\" \/><img loading=\"lazy\" class=\"alignleft size-medium wp-image-17649\" src=\"https:\/\/festival.galactic.one\/2023\/wp-content\/uploads\/2023\/09\/01652242-6f22-4a30-93e8-a4a20fdadf62-300x168.jpeg\" alt=\"\" width=\"300\" height=\"168\" srcset=\"https:\/\/festival.galactic.one\/2023\/wp-content\/uploads\/2023\/09\/01652242-6f22-4a30-93e8-a4a20fdadf62-300x168.jpeg 300w, https:\/\/festival.galactic.one\/2023\/wp-content\/uploads\/2023\/09\/01652242-6f22-4a30-93e8-a4a20fdadf62-1024x572.jpeg 1024w, https:\/\/festival.galactic.one\/2023\/wp-content\/uploads\/2023\/09\/01652242-6f22-4a30-93e8-a4a20fdadf62-768x429.jpeg 768w, https:\/\/festival.galactic.one\/2023\/wp-content\/uploads\/2023\/09\/01652242-6f22-4a30-93e8-a4a20fdadf62.jpeg 1054w\" sizes=\"(max-width: 300px) 100vw, 300px\" \/><img loading=\"lazy\" class=\"alignleft size-medium wp-image-17650\" src=\"https:\/\/festival.galactic.one\/2023\/wp-content\/uploads\/2023\/09\/WhatsApp-Image-2023-09-04-at-22.48.41-1-225x300.jpeg\" alt=\"\" width=\"225\" height=\"300\" srcset=\"https:\/\/festival.galactic.one\/2023\/wp-content\/uploads\/2023\/09\/WhatsApp-Image-2023-09-04-at-22.48.41-1-225x300.jpeg 225w, https:\/\/festival.galactic.one\/2023\/wp-content\/uploads\/2023\/09\/WhatsApp-Image-2023-09-04-at-22.48.41-1.jpeg 304w\" sizes=\"(max-width: 225px) 100vw, 225px\" \/><\/div>\n","protected":false},"excerpt":{"rendered":"<p>Atelierul de Water Dancing este o activitate educa\u021bional\u0103 cu caracter sportiv, bazat\u0103 pe sportul de scrim\u0103. Este dedicat copiilor peste 8 ani, fiind realizat \u00een condi\u021bii de siguran\u021b\u0103 maxim\u0103, cu s\u0103bii de spum\u0103. Descriere: Water Dancing este stilul de scrim\u0103 prezent \u00een serialul TV &#8220;Game of Thrones&#8221;, pe care maestrul Syrio Forel din Bravos \u00eel [&hellip;]<\/p>\n","protected":false},"author":1,"featured_media":0,"parent":0,"menu_order":0,"comment_status":"closed","ping_status":"closed","template":"","meta":[],"acf":[],"_links":{"self":[{"href":"https:\/\/festival.galactic.one\/2023\/wp-json\/wp\/v2\/pages\/17644"}],"collection":[{"href":"https:\/\/festival.galactic.one\/2023\/wp-json\/wp\/v2\/pages"}],"about":[{"href":"https:\/\/festival.galactic.one\/2023\/wp-json\/wp\/v2\/types\/page"}],"author":[{"embeddable":true,"href":"https:\/\/festival.galactic.one\/2023\/wp-json\/wp\/v2\/users\/1"}],"replies":[{"embeddable":true,"href":"https:\/\/festival.galactic.one\/2023\/wp-json\/wp\/v2\/comments?post=17644"}],"version-history":[{"count":4,"href":"https:\/\/festival.galactic.one\/2023\/wp-json\/wp\/v2\/pages\/17644\/revisions"}],"predecessor-version":[{"id":17653,"href":"https:\/\/festival.galactic.one\/2023\/wp-json\/wp\/v2\/pages\/17644\/revisions\/17653"}],"wp:attachment":[{"href":"https:\/\/festival.galactic.one\/2023\/wp-json\/wp\/v2\/media?parent=17644"}],"curies":[{"name":"wp","href":"https:\/\/api.w.org\/{rel}","templated":true}]}}