{"id":17627,"date":"2023-09-04T19:16:03","date_gmt":"2023-09-04T19:16:03","guid":{"rendered":"https:\/\/festival.galactic.one\/2023\/?page_id=17627"},"modified":"2023-09-04T19:18:49","modified_gmt":"2023-09-04T19:18:49","slug":"atelier-rachetomodele","status":"publish","type":"page","link":"https:\/\/festival.galactic.one\/2023\/atelier-rachetomodele\/","title":{"rendered":"Atelier de rachetomodele"},"content":{"rendered":"<p>Atelierul de rachetomodele este o activitate educa\u021bional\u0103 preponderent practic\u0103 \u0219i este dedicat cunoa\u0219terii modului \u00een care sunt realizate \u0219i func\u021bioneaz\u0103 modelele de rachete (rachetomodele).<\/p>\n<p><strong>Trainer:<\/strong> Harald Singer, rachetomodelist amator<\/p>\n<p><strong>V\u00e2rsta:<\/strong>\u00a0este dedicat copiilor peste 7 ani.<\/p>\n<p><strong>Capacitate maxim\u0103:<\/strong> 25 de copii. Locurile se ocup\u0103 \u00een ordinea \u00eenscrierii.<\/p>\n<p><strong>\u00censcrierile la atelier:<\/strong> la loca\u021bie<\/p>\n<p><strong>Durat\u0103:<\/strong>\u00a0 apoximativ 60 de minute<\/p>\n<p><strong>Loca\u021bie:<\/strong> Sala mare a Casei de cultur\u0103 din Dumbr\u0103vi\u021ba<\/p>\n<p><strong>Data:<\/strong> S\u00e2mb\u0103t\u0103 23 septembrie, ora 11.00<\/p>\n<h3>Cuprinsul atelierului<\/h3>\n<p><span lang=\"ro-RO\"><b>Ce sunt rachetele?<\/b><\/span><\/p>\n<p><span lang=\"ro-RO\"><b>[ <\/b><\/span><span lang=\"ro-RO\">Prezentare video<\/span><span lang=\"ro-RO\"><b> ]<\/b><\/span><\/p>\n<p><span lang=\"ro-RO\"><b>Istoria rachetelor<\/b><\/span><\/p>\n<p><span lang=\"ro-RO\">Aici ar merge povestea cu \u00eemp\u0103ratul chinei care a vrut s\u0103 ajung\u0103 \u00een Lun\u0103<br \/>\nEvul mediu, Konrad Haas<br \/>\nEpoca modern\u0103 \u2013 \u021aiolkovski, Hermann Oberth, Laica, Gagarin, Armstrong<\/span><\/p>\n<p><span lang=\"ro-RO\"><b>P\u0103r\u021bile componente ale unei rachete<\/b><\/span><\/p>\n<p><span lang=\"de-DE\">[ Prezentare pe baza unei machete Saturn V ]<\/span><\/p>\n<p><b>Bazele fizice ale zborului cu reac<\/b><span lang=\"ro-RO\"><b>\u021bie<\/b><\/span><\/p>\n<p>[ Demo cu un balon umplat la care I se d<span lang=\"ro-RO\">\u0103 drumul s\u0103 zboare <\/span><span lang=\"en-US\">]<\/span><\/p>\n<ul>\n<li><span lang=\"en-US\">ca s<\/span><span lang=\"ro-RO\">\u0103 mearg\u0103 inainte, trebuie ca ceva s\u0103 plece in direc\u021bie opus\u0103<\/span><\/li>\n<li><span lang=\"ro-RO\">exemplul cu barca pe lac + pietre<\/span><\/li>\n<li><span lang=\"ro-RO\">exemplul cu astronautul din sta\u021bia spa\u021bial\u0103<\/span><\/li>\n<\/ul>\n<p><span lang=\"ro-RO\"><b>Fun facts<\/b><\/span><\/p>\n<p>Informa\u021bii distractive.<\/p>\n<p><b>Ce este un rachetomodel?<\/b><\/p>\n<p>\u00cencepem cu o analogie simpl\u0103: &#8220;La fel cum avem ma\u0219ini de juc\u0103rie \u00eenainte s\u0103 avem o ma\u0219in\u0103 real\u0103, oamenii de \u0219tiin\u021b\u0103 fac rachetomodele \u00eenainte s\u0103 fac\u0103 pe cele mari!&#8221;<\/p>\n<p>[ Content: Filmu<span lang=\"ro-RO\">le\u021b cu lansare de rachetomodel <\/span><span lang=\"en-US\">]<\/span><\/p>\n<p><span lang=\"ro-RO\"><b>Tipuri de rachetomodele<\/b><\/span><\/p>\n<p><span lang=\"ro-RO\">Stomp<\/span><span lang=\"en-US\">:<\/span><span lang=\"ro-RO\"> aceste rachete zboar\u0103 c\u00e2nd le calc\u0103m!<br \/>\nRachete din pai de b\u0103ut: doar o bucat\u0103 de h\u00e2rtie \u0219i un pai, \u0219i zboar\u0103!<br \/>\n<\/span>Rachete cu ap\u0103: acestea folosesc ap\u0103 \u0219i presiunea aerului pentru a zbura<span lang=\"ro-RO\"><br \/>\n<\/span>Rachetemodele propriu-zise<span lang=\"en-US\">: a<\/span>cestea sunt ca seturile LEGO, dar pentru rachete. Le asambl\u0103m \u0219i zboar\u0103.<\/p>\n<p><b>De ce zboar\u0103?<\/b><\/p>\n<p>Stomp: piciorul nostru \u00eempinge aer \u00een rachet\u0103, f\u0103c\u00e2nd-o s\u0103 zboare!<br \/>\nRachete din pai: respira\u021bia noastr\u0103 d\u0103 impulsul!<br \/>\nRachete cu ap\u0103: presiunea aerului de la o pomp\u0103 \u0219i ap\u0103 o face s\u0103 se ridice<br \/>\nRachete kit: folosesc combustibil special \u2013 doar un pic \u2013 pentru a zbura<\/p>\n<p><b>Siguran<\/b><span lang=\"ro-RO\"><b>\u021ba pe primul loc<\/b><\/span><\/p>\n<p><span lang=\"ro-RO\">&#8220;Chiar dac\u0103 sunt mici, ar trebui s\u0103 fim \u00eentotdeauna aten\u021bi.&#8221;<br \/>\n&#8220;Niciodat\u0103 s\u0103 nu \u00eendrepta\u021bi o rachet\u0103 c\u0103tre cineva.&#8221;<br \/>\n&#8220;Ave\u021bi \u00eentotdeauna un adult \u00een preajm\u0103&#8221;<br \/>\n&#8220;Ochelari de protec\u021bie&#8221;<\/span><\/p>\n<p><span lang=\"ro-RO\"><b>Activitate Practic\u0103<\/b><\/span><\/p>\n<p>L<span lang=\"ro-RO\">\u0103<\/span>s\u0103m copiii s\u0103-\u0219i construiasc\u0103 propriile rachete de pai \u0219i s\u0103 aib\u0103 un &#8216;concurs de zbor&#8217;.<br \/>\nDemonstra\u021bie cu o micro-rachet\u0103 de tip stomp<br \/>\nPe un cadru (fix \u2013 f\u0103r\u0103 zbor) fixez un model cu motor cu ardere \u0219i \u00eel pornesc (un pic de fum, flac\u0103r\u0103 \u0219i bum!)<\/p>\n<p>Prezentare diverse componente fizice<\/p>\n<p><span lang=\"en-US\">[ copiii vor putea s\u0103 le ia \u00een m\u00e2n\u0103 \u0219i s\u0103 primeasc\u0103 explica\u021bii despre ele ]<\/span><\/p>\n<p><b>De ce modele?<\/b><\/p>\n<p>&#8220;\u00cenainte s\u0103 facem lucruri mari, \u00eenv\u0103\u021b\u0103m cu cu cele mici.&#8221;<br \/>\n&#8220;Modelele de rachete ne \u00eenva\u021b\u0103 despre cum func\u021bioneaz\u0103 rachetele \u0219i ne ajut\u0103 s\u0103 ne preg\u0103tim pentru aventuri mai mari.&#8221;<\/p>\n<p><b>Sesiune de \u00centreb\u0103ri \u0219i R\u0103spunsuri<\/b><\/p>\n<p>Momentul la care copiii pot pune \u00eentreb\u0103ri. De obicei au unele foarte creative!<\/p>\n\n\t\t<style type=\"text\/css\">\n\t\t\t#gallery-1 {\n\t\t\t\tmargin: auto;\n\t\t\t}\n\t\t\t#gallery-1 .gallery-item {\n\t\t\t\tfloat: left;\n\t\t\t\tmargin-top: 10px;\n\t\t\t\ttext-align: center;\n\t\t\t\twidth: 50%;\n\t\t\t}\n\t\t\t#gallery-1 img {\n\t\t\t\tborder: 2px solid #cfcfcf;\n\t\t\t}\n\t\t\t#gallery-1 .gallery-caption {\n\t\t\t\tmargin-left: 0;\n\t\t\t}\n\t\t\t\/* see gallery_shortcode() in wp-includes\/media.php *\/\n\t\t<\/style>\n\t\t<div id='gallery-1' class='gallery galleryid-17627 gallery-columns-2 gallery-size-medium'><dl class='gallery-item'>\n\t\t\t<dt class='gallery-icon landscape'>\n\t\t\t\t<a href='https:\/\/festival.galactic.one\/2023\/atelier-rachetomodele\/vlcsnap-2021-02-20-16h29m15s552\/'><img width=\"300\" height=\"218\" src=\"https:\/\/festival.galactic.one\/2023\/wp-content\/uploads\/2023\/09\/vlcsnap-2021-02-20-16h29m15s552-300x218.jpg\" class=\"attachment-medium size-medium\" alt=\"\" loading=\"lazy\" srcset=\"https:\/\/festival.galactic.one\/2023\/wp-content\/uploads\/2023\/09\/vlcsnap-2021-02-20-16h29m15s552-300x218.jpg 300w, https:\/\/festival.galactic.one\/2023\/wp-content\/uploads\/2023\/09\/vlcsnap-2021-02-20-16h29m15s552-1024x743.jpg 1024w, https:\/\/festival.galactic.one\/2023\/wp-content\/uploads\/2023\/09\/vlcsnap-2021-02-20-16h29m15s552-768x557.jpg 768w, https:\/\/festival.galactic.one\/2023\/wp-content\/uploads\/2023\/09\/vlcsnap-2021-02-20-16h29m15s552.jpg 1242w\" sizes=\"(max-width: 300px) 100vw, 300px\" \/><\/a>\n\t\t\t<\/dt><\/dl><dl class='gallery-item'>\n\t\t\t<dt class='gallery-icon landscape'>\n\t\t\t\t<a href='https:\/\/festival.galactic.one\/2023\/atelier-rachetomodele\/screenshot-171\/'><img width=\"300\" height=\"216\" src=\"https:\/\/festival.galactic.one\/2023\/wp-content\/uploads\/2023\/09\/Screenshot-171-300x216.jpg\" class=\"attachment-medium size-medium\" alt=\"\" loading=\"lazy\" srcset=\"https:\/\/festival.galactic.one\/2023\/wp-content\/uploads\/2023\/09\/Screenshot-171-300x216.jpg 300w, https:\/\/festival.galactic.one\/2023\/wp-content\/uploads\/2023\/09\/Screenshot-171-1024x736.jpg 1024w, https:\/\/festival.galactic.one\/2023\/wp-content\/uploads\/2023\/09\/Screenshot-171-768x552.jpg 768w, https:\/\/festival.galactic.one\/2023\/wp-content\/uploads\/2023\/09\/Screenshot-171.jpg 1218w\" sizes=\"(max-width: 300px) 100vw, 300px\" \/><\/a>\n\t\t\t<\/dt><\/dl><br style=\"clear: both\" \/><dl class='gallery-item'>\n\t\t\t<dt class='gallery-icon landscape'>\n\t\t\t\t<a href='https:\/\/festival.galactic.one\/2023\/atelier-rachetomodele\/screenshot-168\/'><img width=\"300\" height=\"258\" src=\"https:\/\/festival.galactic.one\/2023\/wp-content\/uploads\/2023\/09\/Screenshot-168-300x258.jpg\" class=\"attachment-medium size-medium\" alt=\"\" loading=\"lazy\" srcset=\"https:\/\/festival.galactic.one\/2023\/wp-content\/uploads\/2023\/09\/Screenshot-168-300x258.jpg 300w, https:\/\/festival.galactic.one\/2023\/wp-content\/uploads\/2023\/09\/Screenshot-168-768x660.jpg 768w, https:\/\/festival.galactic.one\/2023\/wp-content\/uploads\/2023\/09\/Screenshot-168.jpg 942w\" sizes=\"(max-width: 300px) 100vw, 300px\" \/><\/a>\n\t\t\t<\/dt><\/dl><dl class='gallery-item'>\n\t\t\t<dt class='gallery-icon portrait'>\n\t\t\t\t<a href='https:\/\/festival.galactic.one\/2023\/atelier-rachetomodele\/dscn6397\/'><img width=\"169\" height=\"300\" src=\"https:\/\/festival.galactic.one\/2023\/wp-content\/uploads\/2023\/09\/DSCN6397-169x300.jpg\" class=\"attachment-medium size-medium\" alt=\"\" loading=\"lazy\" srcset=\"https:\/\/festival.galactic.one\/2023\/wp-content\/uploads\/2023\/09\/DSCN6397-169x300.jpg 169w, https:\/\/festival.galactic.one\/2023\/wp-content\/uploads\/2023\/09\/DSCN6397.jpg 551w\" sizes=\"(max-width: 169px) 100vw, 169px\" \/><\/a>\n\t\t\t<\/dt><\/dl><br style=\"clear: both\" \/><dl class='gallery-item'>\n\t\t\t<dt class='gallery-icon landscape'>\n\t\t\t\t<a href='https:\/\/festival.galactic.one\/2023\/atelier-rachetomodele\/dsc_0221\/'><img width=\"300\" height=\"200\" src=\"https:\/\/festival.galactic.one\/2023\/wp-content\/uploads\/2023\/09\/DSC_0221-300x200.jpg\" class=\"attachment-medium size-medium\" alt=\"\" loading=\"lazy\" srcset=\"https:\/\/festival.galactic.one\/2023\/wp-content\/uploads\/2023\/09\/DSC_0221-300x200.jpg 300w, https:\/\/festival.galactic.one\/2023\/wp-content\/uploads\/2023\/09\/DSC_0221-1024x682.jpg 1024w, https:\/\/festival.galactic.one\/2023\/wp-content\/uploads\/2023\/09\/DSC_0221-768x512.jpg 768w, https:\/\/festival.galactic.one\/2023\/wp-content\/uploads\/2023\/09\/DSC_0221.jpg 1469w\" sizes=\"(max-width: 300px) 100vw, 300px\" \/><\/a>\n\t\t\t<\/dt><\/dl><dl class='gallery-item'>\n\t\t\t<dt class='gallery-icon landscape'>\n\t\t\t\t<a href='https:\/\/festival.galactic.one\/2023\/atelier-rachetomodele\/dsc_0090\/'><img width=\"300\" height=\"200\" src=\"https:\/\/festival.galactic.one\/2023\/wp-content\/uploads\/2023\/09\/DSC_0090-300x200.jpg\" class=\"attachment-medium size-medium\" alt=\"\" loading=\"lazy\" srcset=\"https:\/\/festival.galactic.one\/2023\/wp-content\/uploads\/2023\/09\/DSC_0090-300x200.jpg 300w, https:\/\/festival.galactic.one\/2023\/wp-content\/uploads\/2023\/09\/DSC_0090-1024x682.jpg 1024w, https:\/\/festival.galactic.one\/2023\/wp-content\/uploads\/2023\/09\/DSC_0090-768x512.jpg 768w, https:\/\/festival.galactic.one\/2023\/wp-content\/uploads\/2023\/09\/DSC_0090.jpg 1469w\" sizes=\"(max-width: 300px) 100vw, 300px\" \/><\/a>\n\t\t\t<\/dt><\/dl><br style=\"clear: both\" \/><dl class='gallery-item'>\n\t\t\t<dt class='gallery-icon landscape'>\n\t\t\t\t<a href='https:\/\/festival.galactic.one\/2023\/atelier-rachetomodele\/20230826_093827\/'><img width=\"300\" height=\"140\" src=\"https:\/\/festival.galactic.one\/2023\/wp-content\/uploads\/2023\/09\/20230826_093827-300x140.jpg\" class=\"attachment-medium size-medium\" alt=\"\" loading=\"lazy\" srcset=\"https:\/\/festival.galactic.one\/2023\/wp-content\/uploads\/2023\/09\/20230826_093827-300x140.jpg 300w, https:\/\/festival.galactic.one\/2023\/wp-content\/uploads\/2023\/09\/20230826_093827-1024x478.jpg 1024w, https:\/\/festival.galactic.one\/2023\/wp-content\/uploads\/2023\/09\/20230826_093827-768x359.jpg 768w, https:\/\/festival.galactic.one\/2023\/wp-content\/uploads\/2023\/09\/20230826_093827-1536x718.jpg 1536w, https:\/\/festival.galactic.one\/2023\/wp-content\/uploads\/2023\/09\/20230826_093827.jpg 1920w\" sizes=\"(max-width: 300px) 100vw, 300px\" \/><\/a>\n\t\t\t<\/dt><\/dl><dl class='gallery-item'>\n\t\t\t<dt class='gallery-icon landscape'>\n\t\t\t\t<a href='https:\/\/festival.galactic.one\/2023\/atelier-rachetomodele\/20230818_163800\/'><img width=\"300\" height=\"135\" src=\"https:\/\/festival.galactic.one\/2023\/wp-content\/uploads\/2023\/09\/20230818_163800-300x135.jpg\" class=\"attachment-medium size-medium\" alt=\"\" loading=\"lazy\" srcset=\"https:\/\/festival.galactic.one\/2023\/wp-content\/uploads\/2023\/09\/20230818_163800-300x135.jpg 300w, https:\/\/festival.galactic.one\/2023\/wp-content\/uploads\/2023\/09\/20230818_163800-1024x461.jpg 1024w, https:\/\/festival.galactic.one\/2023\/wp-content\/uploads\/2023\/09\/20230818_163800-768x346.jpg 768w, https:\/\/festival.galactic.one\/2023\/wp-content\/uploads\/2023\/09\/20230818_163800-1536x691.jpg 1536w, https:\/\/festival.galactic.one\/2023\/wp-content\/uploads\/2023\/09\/20230818_163800.jpg 1920w\" sizes=\"(max-width: 300px) 100vw, 300px\" \/><\/a>\n\t\t\t<\/dt><\/dl><br style=\"clear: both\" \/><dl class='gallery-item'>\n\t\t\t<dt class='gallery-icon landscape'>\n\t\t\t\t<a href='https:\/\/festival.galactic.one\/2023\/atelier-rachetomodele\/20210508_201719\/'><img width=\"300\" height=\"146\" src=\"https:\/\/festival.galactic.one\/2023\/wp-content\/uploads\/2023\/09\/20210508_201719-300x146.jpg\" class=\"attachment-medium size-medium\" alt=\"\" loading=\"lazy\" srcset=\"https:\/\/festival.galactic.one\/2023\/wp-content\/uploads\/2023\/09\/20210508_201719-300x146.jpg 300w, https:\/\/festival.galactic.one\/2023\/wp-content\/uploads\/2023\/09\/20210508_201719-1024x498.jpg 1024w, https:\/\/festival.galactic.one\/2023\/wp-content\/uploads\/2023\/09\/20210508_201719-768x373.jpg 768w, https:\/\/festival.galactic.one\/2023\/wp-content\/uploads\/2023\/09\/20210508_201719-1536x746.jpg 1536w, https:\/\/festival.galactic.one\/2023\/wp-content\/uploads\/2023\/09\/20210508_201719.jpg 1920w\" sizes=\"(max-width: 300px) 100vw, 300px\" \/><\/a>\n\t\t\t<\/dt><\/dl><dl class='gallery-item'>\n\t\t\t<dt class='gallery-icon landscape'>\n\t\t\t\t<a href='https:\/\/festival.galactic.one\/2023\/atelier-rachetomodele\/20210321_155233\/'><img width=\"300\" height=\"146\" src=\"https:\/\/festival.galactic.one\/2023\/wp-content\/uploads\/2023\/09\/20210321_155233-300x146.jpg\" class=\"attachment-medium size-medium\" alt=\"\" loading=\"lazy\" srcset=\"https:\/\/festival.galactic.one\/2023\/wp-content\/uploads\/2023\/09\/20210321_155233-300x146.jpg 300w, https:\/\/festival.galactic.one\/2023\/wp-content\/uploads\/2023\/09\/20210321_155233-1024x498.jpg 1024w, https:\/\/festival.galactic.one\/2023\/wp-content\/uploads\/2023\/09\/20210321_155233-768x373.jpg 768w, https:\/\/festival.galactic.one\/2023\/wp-content\/uploads\/2023\/09\/20210321_155233-1536x746.jpg 1536w, https:\/\/festival.galactic.one\/2023\/wp-content\/uploads\/2023\/09\/20210321_155233.jpg 1920w\" sizes=\"(max-width: 300px) 100vw, 300px\" \/><\/a>\n\t\t\t<\/dt><\/dl><br style=\"clear: both\" \/>\n\t\t<\/div>\n\n<p>&nbsp;<\/p>\n<p>&nbsp;<\/p>\n<p>&nbsp;<\/p>\n<p>&nbsp;<\/p>\n","protected":false},"excerpt":{"rendered":"<p>Atelierul de rachetomodele este o activitate educa\u021bional\u0103 preponderent practic\u0103 \u0219i este dedicat cunoa\u0219terii modului \u00een care sunt realizate \u0219i func\u021bioneaz\u0103 modelele de rachete (rachetomodele). Trainer: Harald Singer, rachetomodelist amator V\u00e2rsta:\u00a0este dedicat copiilor peste 7 ani. Capacitate maxim\u0103: 25 de copii. Locurile se ocup\u0103 \u00een ordinea \u00eenscrierii. \u00censcrierile la atelier: la loca\u021bie Durat\u0103:\u00a0 apoximativ 60 de [&hellip;]<\/p>\n","protected":false},"author":1,"featured_media":0,"parent":0,"menu_order":0,"comment_status":"closed","ping_status":"closed","template":"","meta":[],"acf":[],"_links":{"self":[{"href":"https:\/\/festival.galactic.one\/2023\/wp-json\/wp\/v2\/pages\/17627"}],"collection":[{"href":"https:\/\/festival.galactic.one\/2023\/wp-json\/wp\/v2\/pages"}],"about":[{"href":"https:\/\/festival.galactic.one\/2023\/wp-json\/wp\/v2\/types\/page"}],"author":[{"embeddable":true,"href":"https:\/\/festival.galactic.one\/2023\/wp-json\/wp\/v2\/users\/1"}],"replies":[{"embeddable":true,"href":"https:\/\/festival.galactic.one\/2023\/wp-json\/wp\/v2\/comments?post=17627"}],"version-history":[{"count":3,"href":"https:\/\/festival.galactic.one\/2023\/wp-json\/wp\/v2\/pages\/17627\/revisions"}],"predecessor-version":[{"id":17640,"href":"https:\/\/festival.galactic.one\/2023\/wp-json\/wp\/v2\/pages\/17627\/revisions\/17640"}],"wp:attachment":[{"href":"https:\/\/festival.galactic.one\/2023\/wp-json\/wp\/v2\/media?parent=17627"}],"curies":[{"name":"wp","href":"https:\/\/api.w.org\/{rel}","templated":true}]}}