{"id":17104,"date":"2022-08-20T12:49:24","date_gmt":"2022-08-20T12:49:24","guid":{"rendered":"https:\/\/festival.galactic.one\/2023\/?page_id=17104"},"modified":"2023-07-08T09:13:27","modified_gmt":"2023-07-08T09:13:27","slug":"proiectii-de-filme","status":"publish","type":"page","link":"https:\/\/festival.galactic.one\/2023\/proiectii-de-filme\/","title":{"rendered":"Proiec\u021bii de filme"},"content":{"rendered":"<p>[vc_row][vc_column][vc_column_text]<\/p>\n<h4>Anun\u021b important!<\/h4>\n<h4>Proiec\u021biile de filme au loc \u00een dou\u0103 loca\u021bii:<\/h4>\n<ul>\n<li>\n<h4>la sediu APEC (Equilibrium Center), organizatorul festivalului, \u00een Dumbr\u0103vi\u021ba, Str. Simfoniei nr. 70 col\u021b cu Blv. Ion Creang\u0103 (imagini la finalul paginii) -15-22 septembrie<\/h4>\n<\/li>\n<li>\n<h4>\u00een Sala Mare a Casei de cultur\u0103 din Dumbr\u0103vi\u021ba, 23 septembrie<\/h4>\n<\/li>\n<\/ul>\n<h2>Program:<\/h2>\n<p><strong>16-22 septembrie<\/strong> &#8211; de la ora 20.00, <span style=\"color: #ffff00;\"><strong>acces gratuit<\/strong><\/span> \u00een sal\u0103 de la ora 19.30 (Equilibrium Center, maxim 30 de persoane, vezi mai sus)<\/p>\n<p><strong>23 septembrie<\/strong> &#8211; de la ora 19.30, <span style=\"color: #ffff00;\"><strong>acces \u00een sal\u0103 pe baz\u0103 de bilet<\/strong> <\/span>(15 lei adulti, 10 lei copii) &#8211; la Casa de cultur\u0103 din Dumbr\u0103vi\u021ba, capacitate 150 de locuri<\/p>\n<p>Lista filmelor va fi disponibil\u0103 \u00eencep\u00e2nd cu 1 septembrie.[\/vc_column_text][vc_gallery interval=&#8221;3&#8243; images=&#8221;17107,17108&#8243; img_size=&#8221;full&#8221; title=&#8221;Casa de Cultur\u0103 Dumbr\u0103vi\u021ba, Timi\u0219&#8221;][\/vc_column][\/vc_row][vc_row][vc_column][vc_column_text]Pentru a ajunge la loca\u021bie, deschide acest link pe telefonul mobil (<a href=\"https:\/\/goo.gl\/maps\/K7bkdtb71UGpW7iK7\">click aici<\/a>).[\/vc_column_text][vc_column_text]<iframe loading=\"lazy\" style=\"border: 0;\" src=\"https:\/\/www.google.com\/maps\/embed?pb=!1m18!1m12!1m3!1d2781.67212104734!2d21.251016076805666!3d45.79779611111809!2m3!1f0!2f0!3f0!3m2!1i1024!2i768!4f13.1!3m3!1m2!1s0x474567995c42962b%3A0x6c3c86f61780e8d1!2zQ2FzYSBkZSBjdWx0dXLEgyAtIER1bWJyxIN2acibYQ!5e0!3m2!1sro!2sro!4v1688807586582!5m2!1sro!2sro\" width=\"600\" height=\"450\" allowfullscreen=\"allowfullscreen\"><\/iframe>[\/vc_column_text][vc_gallery interval=&#8221;3&#8243; images=&#8221;17270,17269&#8243; img_size=&#8221;full&#8221; title=&#8221;Sediu APEC din Dumbr\u0103vi\u021ba (Equilibrium Center), Str. Simfoniei col\u021b cu Blv. Ion Creang\u0103&#8221;][vc_column_text]Pentru a ajunge la loca\u021bie, deschide acest link pe telefonul mobil (<a href=\"https:\/\/goo.gl\/maps\/KBVhAvUKi2wkSLw78\">click aici<\/a>).[\/vc_column_text][vc_column_text]<iframe loading=\"lazy\" style=\"border: 0;\" src=\"https:\/\/www.google.com\/maps\/embed?pb=!1m14!1m8!1m3!1d2781.2800145789365!2d21.2193274!3d45.8056502!3m2!1i1024!2i768!4f13.1!3m3!1m2!1s0x47456715055ace83%3A0x8966c65ccfaa54dd!2sEquilibrium%20After%20School%20%26%20Kids%20Club%2F%20Equilibrium%20Center!5e0!3m2!1sro!2sro!4v1688807485514!5m2!1sro!2sro\" width=\"600\" height=\"450\" allowfullscreen=\"allowfullscreen\"><\/iframe>[\/vc_column_text][\/vc_column][\/vc_row]<\/p>\n","protected":false},"excerpt":{"rendered":"<p>[vc_row][vc_column][vc_column_text] Anun\u021b important! Proiec\u021biile de filme au loc \u00een dou\u0103 loca\u021bii: la sediu APEC (Equilibrium Center), organizatorul festivalului, \u00een Dumbr\u0103vi\u021ba, Str. Simfoniei nr. 70 col\u021b cu Blv. Ion Creang\u0103 (imagini la finalul paginii) -15-22 septembrie \u00een Sala Mare a Casei de cultur\u0103 din Dumbr\u0103vi\u021ba, 23 septembrie Program: 16-22 septembrie &#8211; de la ora 20.00, acces [&hellip;]<\/p>\n","protected":false},"author":2,"featured_media":0,"parent":0,"menu_order":0,"comment_status":"closed","ping_status":"closed","template":"","meta":[],"acf":[],"_links":{"self":[{"href":"https:\/\/festival.galactic.one\/2023\/wp-json\/wp\/v2\/pages\/17104"}],"collection":[{"href":"https:\/\/festival.galactic.one\/2023\/wp-json\/wp\/v2\/pages"}],"about":[{"href":"https:\/\/festival.galactic.one\/2023\/wp-json\/wp\/v2\/types\/page"}],"author":[{"embeddable":true,"href":"https:\/\/festival.galactic.one\/2023\/wp-json\/wp\/v2\/users\/2"}],"replies":[{"embeddable":true,"href":"https:\/\/festival.galactic.one\/2023\/wp-json\/wp\/v2\/comments?post=17104"}],"version-history":[{"count":22,"href":"https:\/\/festival.galactic.one\/2023\/wp-json\/wp\/v2\/pages\/17104\/revisions"}],"predecessor-version":[{"id":17371,"href":"https:\/\/festival.galactic.one\/2023\/wp-json\/wp\/v2\/pages\/17104\/revisions\/17371"}],"wp:attachment":[{"href":"https:\/\/festival.galactic.one\/2023\/wp-json\/wp\/v2\/media?parent=17104"}],"curies":[{"name":"wp","href":"https:\/\/api.w.org\/{rel}","templated":true}]}}