{"id":17094,"date":"2022-08-20T12:02:24","date_gmt":"2022-08-20T12:02:24","guid":{"rendered":"https:\/\/festival.galactic.one\/2023\/?page_id=17094"},"modified":"2023-09-12T14:54:40","modified_gmt":"2023-09-12T14:54:40","slug":"zona-de-evenimente","status":"publish","type":"page","link":"https:\/\/festival.galactic.one\/2023\/zona-de-evenimente\/","title":{"rendered":"Zona de evenimente &#8211; The Zone"},"content":{"rendered":"<p>[vc_row][vc_column][vc_column_text]<\/p>\n<h4>Pentru a ajunge la loca\u021bie, deschide acest link pe telefonul mobil (<a href=\"https:\/\/goo.gl\/maps\/K7bkdtb71UGpW7iK7\">click aici<\/a>).<\/h4>\n<p>[\/vc_column_text][vc_column_text]<iframe loading=\"lazy\" style=\"border: 0;\" src=\"https:\/\/www.google.com\/maps\/embed?pb=!1m18!1m12!1m3!1d2781.67212104734!2d21.251016076805666!3d45.79779611111809!2m3!1f0!2f0!3f0!3m2!1i1024!2i768!4f13.1!3m3!1m2!1s0x474567995c42962b%3A0x6c3c86f61780e8d1!2zQ2FzYSBkZSBjdWx0dXLEgyAtIER1bWJyxIN2acibYQ!5e0!3m2!1sro!2sro!4v1688807659254!5m2!1sro!2sro\" width=\"600\" height=\"450\" allowfullscreen=\"allowfullscreen\"><\/iframe>[\/vc_column_text][vc_column_text]Zona de activit\u0103\u021bi, v\u00e2nzare, jocuri \u0219i socializare este situat\u0103\u00a0 \u00een Sala Mare din Casa de Cultur\u0103 din Dumbr\u0103vi\u021ba, Timi\u0219.<\/p>\n<p>Zona va fi deschis\u0103 S\u00e2mb\u0103t\u0103 \u0219i Duminic\u0103, \u00een<strong> 23-24 Septembrie 2023, de la 10.00 la 18.00<\/strong>[\/vc_column_text][vc_column_text]<\/p>\n<div dir=\"auto\">S\u00c2MB\u0102T\u0102 23 SEPTEMBRIE<\/div>\n<div dir=\"auto\"><\/div>\n<p>S\u00e2mb\u0103ta toat\u0103 ziua:<\/p>\n<p><img class=\"an1\" src=\"https:\/\/fonts.gstatic.com\/s\/e\/notoemoji\/15.0\/2757_fe0f\/32.png\" alt=\"\u2757\ufe0f\" data-emoji=\"\u2757\ufe0f\" aria-label=\"\u2757\ufe0f\" \/>\u00a0zona de videogaming retro<\/p>\n<p><img class=\"an1\" src=\"https:\/\/fonts.gstatic.com\/s\/e\/notoemoji\/15.0\/2757_fe0f\/32.png\" alt=\"\u2757\ufe0f\" data-emoji=\"\u2757\ufe0f\" aria-label=\"\u2757\ufe0f\" \/>\u00a0zona SCI FI LEGO &#8211; construc\u021bii de LEGO<\/p>\n<p><img class=\"an1\" src=\"https:\/\/fonts.gstatic.com\/s\/e\/notoemoji\/15.0\/2757_fe0f\/32.png\" alt=\"\u2757\ufe0f\" data-emoji=\"\u2757\ufe0f\" aria-label=\"\u2757\ufe0f\" \/>Pictura pe p\u00e2nz\u0103<\/p>\n<p><img class=\"an1\" src=\"https:\/\/fonts.gstatic.com\/s\/e\/notoemoji\/15.0\/2757_fe0f\/32.png\" alt=\"\u2757\ufe0f\" data-emoji=\"\u2757\ufe0f\" aria-label=\"\u2757\ufe0f\" \/>filmule\u021be educative PAXI &#8211; extraterestrul simpatic<\/p>\n<p><img class=\"an1\" src=\"https:\/\/fonts.gstatic.com\/s\/e\/notoemoji\/15.0\/2757_fe0f\/32.png\" alt=\"\u2757\ufe0f\" data-emoji=\"\u2757\ufe0f\" aria-label=\"\u2757\ufe0f\" \/>demonstra\u021bie de roboti &#8211; liceul Pedagogic<\/p>\n<p><img class=\"an1\" src=\"https:\/\/fonts.gstatic.com\/s\/e\/notoemoji\/15.0\/2757_fe0f\/32.png\" alt=\"\u2757\ufe0f\" data-emoji=\"\u2757\ufe0f\" aria-label=\"\u2757\ufe0f\" \/>demonstra\u021bie cu robo\u021bi &#8211; liceul LOGA<\/p>\n<p><img class=\"an1\" src=\"https:\/\/fonts.gstatic.com\/s\/e\/notoemoji\/15.0\/2757_fe0f\/32.png\" alt=\"\u2757\ufe0f\" data-emoji=\"\u2757\ufe0f\" aria-label=\"\u2757\ufe0f\" \/>v\u00e2nzare bijuterii, decora\u021biuni, c\u0103ni cu tematica SF<\/p>\n<p><img class=\"an1\" src=\"https:\/\/fonts.gstatic.com\/s\/e\/notoemoji\/15.0\/2757_fe0f\/32.png\" alt=\"\u2757\ufe0f\" data-emoji=\"\u2757\ufe0f\" aria-label=\"\u2757\ufe0f\" \/>expozi\u021bie \u0219i v\u00e2nzare obiecte, tricouri, memorabilia SF si FANTASY<br \/>\nWorkshopuri s\u00e2mb\u0103t\u0103:<\/p>\n<p><img class=\"an1\" src=\"https:\/\/fonts.gstatic.com\/s\/e\/notoemoji\/15.0\/1f506\/32.png\" alt=\"\ud83d\udd06\" data-emoji=\"\ud83d\udd06\" aria-label=\"\ud83d\udd06\" \/>\u00a0ORA 11.00 &#8211; <a href=\"https:\/\/festival.galactic.one\/2023\/atelier-rachetomodele\/\">Workshop de RACHETOMODELE<\/a><\/p>\n<p><img class=\"an1\" src=\"https:\/\/fonts.gstatic.com\/s\/e\/notoemoji\/15.0\/1f506\/32.png\" alt=\"\ud83d\udd06\" data-emoji=\"\ud83d\udd06\" aria-label=\"\ud83d\udd06\" \/>\u00a0ORA 13.00 &#8211; Workshop de M\u0102\u0218TI DIN H\u00c2RTIE<\/p>\n<p><img class=\"an1\" src=\"https:\/\/fonts.gstatic.com\/s\/e\/notoemoji\/15.0\/1f506\/32.png\" alt=\"\ud83d\udd06\" data-emoji=\"\ud83d\udd06\" aria-label=\"\ud83d\udd06\" \/>\u00a0ORA 15.00 &#8211; CUM SA DESENEZ UN PERSONAJ DIN DESENE ANIMATE<\/p>\n<p><img class=\"an1\" src=\"https:\/\/fonts.gstatic.com\/s\/e\/notoemoji\/15.0\/1f4fd\/32.png\" alt=\"\ud83d\udcfd\" data-emoji=\"\ud83d\udcfd\" aria-label=\"\ud83d\udcfd\" \/>\u00a0ORA 18.30 &#8211; PROIECTIE FILM DE ANIMATIE &#8220;JOURNEY TO YOURLAND&#8221;<\/p>\n<div dir=\"auto\"><\/div>\n<div dir=\"auto\">\n<p>DUMINIC\u0102 24 SEPTEMBRIE<\/p>\n<p>Duminic\u0103 toat\u0103 ziua:<\/p>\n<p><img class=\"an1\" src=\"https:\/\/fonts.gstatic.com\/s\/e\/notoemoji\/15.0\/2757_fe0f\/32.png\" alt=\"\u2757\ufe0f\" data-emoji=\"\u2757\ufe0f\" aria-label=\"\u2757\ufe0f\" \/>\u00a0zona de videogaming retro<\/p>\n<p><img class=\"an1\" src=\"https:\/\/fonts.gstatic.com\/s\/e\/notoemoji\/15.0\/2757_fe0f\/32.png\" alt=\"\u2757\ufe0f\" data-emoji=\"\u2757\ufe0f\" aria-label=\"\u2757\ufe0f\" \/>\u00a0zona SCI FI LEGO &#8211; construc\u021bii de LEGO<\/p>\n<p><img class=\"an1\" src=\"https:\/\/fonts.gstatic.com\/s\/e\/notoemoji\/15.0\/2757_fe0f\/32.png\" alt=\"\u2757\ufe0f\" data-emoji=\"\u2757\ufe0f\" aria-label=\"\u2757\ufe0f\" \/>Pictura pe p\u00e2nz\u0103<\/p>\n<p><img class=\"an1\" src=\"https:\/\/fonts.gstatic.com\/s\/e\/notoemoji\/15.0\/2757_fe0f\/32.png\" alt=\"\u2757\ufe0f\" data-emoji=\"\u2757\ufe0f\" aria-label=\"\u2757\ufe0f\" \/>filmule\u021be educative PAXI &#8211; extraterestrul simpatic<\/p>\n<p><img class=\"an1\" src=\"https:\/\/fonts.gstatic.com\/s\/e\/notoemoji\/15.0\/2757_fe0f\/32.png\" alt=\"\u2757\ufe0f\" data-emoji=\"\u2757\ufe0f\" aria-label=\"\u2757\ufe0f\" \/>demonstra\u021bie de roboti &#8211; liceul Pedagogic<\/p>\n<p><img class=\"an1\" src=\"https:\/\/fonts.gstatic.com\/s\/e\/notoemoji\/15.0\/2757_fe0f\/32.png\" alt=\"\u2757\ufe0f\" data-emoji=\"\u2757\ufe0f\" aria-label=\"\u2757\ufe0f\" \/>demonstra\u021bie cu robo\u021bi &#8211; liceul LOGA<\/p>\n<p><img class=\"an1\" src=\"https:\/\/fonts.gstatic.com\/s\/e\/notoemoji\/15.0\/2757_fe0f\/32.png\" alt=\"\u2757\ufe0f\" data-emoji=\"\u2757\ufe0f\" aria-label=\"\u2757\ufe0f\" \/>v\u00e2nzare bijuterii, decora\u021biuni, c\u0103ni cu tematica SF<\/p>\n<p><img class=\"an1\" src=\"https:\/\/fonts.gstatic.com\/s\/e\/notoemoji\/15.0\/2757_fe0f\/32.png\" alt=\"\u2757\ufe0f\" data-emoji=\"\u2757\ufe0f\" aria-label=\"\u2757\ufe0f\" \/>expozi\u021bie \u0219i v\u00e2nzare obiecte, tricouri, memorabilia SF si FANTASY<\/p>\n<p><img class=\"an1\" src=\"https:\/\/fonts.gstatic.com\/s\/e\/notoemoji\/15.0\/2757_fe0f\/32.png\" alt=\"\u2757\ufe0f\" data-emoji=\"\u2757\ufe0f\" aria-label=\"\u2757\ufe0f\" \/>zona boardgame 11.00 &#8211; 16.00<\/p>\n<p>Program duminica:<\/p>\n<p><img class=\"an1\" src=\"https:\/\/fonts.gstatic.com\/s\/e\/notoemoji\/15.0\/1f506\/32.png\" alt=\"\ud83d\udd06\" data-emoji=\"\ud83d\udd06\" aria-label=\"\ud83d\udd06\" \/>\u00a0Ora 10.00<br \/>\nPremiere concurs de desene DUMBRAVITA VIITORULUI &#8211; \u00eenm\u00e2narea premiilor se va face de c\u0103tre actorul britanic Miltos Yerolemou<\/p>\n<p><img class=\"an1\" src=\"https:\/\/fonts.gstatic.com\/s\/e\/notoemoji\/15.0\/1f506\/32.png\" alt=\"\ud83d\udd06\" data-emoji=\"\ud83d\udd06\" aria-label=\"\ud83d\udd06\" \/>ORA 11.00<br \/>\n<a href=\"https:\/\/festival.galactic.one\/2023\/atelier-de-water-dancing-scrima-pentru-copii\/\">WORKSHOP DE SCRIMA pentru copii<\/a> cu MILTOS YEROLEMOU<br \/>\nPre\u021b: 100 lei<\/p>\n<p><img class=\"an1\" src=\"https:\/\/fonts.gstatic.com\/s\/e\/notoemoji\/15.0\/1f506\/32.png\" alt=\"\ud83d\udd06\" data-emoji=\"\ud83d\udd06\" aria-label=\"\ud83d\udd06\" \/>\u00a0ORA 13.00 &#8211; WORKSHOP: Cum sa faci un brat robotic din bete \u0219i sfoara<\/p>\n<p><img class=\"an1\" src=\"https:\/\/fonts.gstatic.com\/s\/e\/notoemoji\/15.0\/1f506\/32.png\" alt=\"\ud83d\udd06\" data-emoji=\"\ud83d\udd06\" aria-label=\"\ud83d\udd06\" \/>\u00a0ORA 14.00 &#8211; Atelier de rochi\u021be fantasy \u0219i pelerine de super eroi pentru juc\u0103rii<br \/>\nFetitele vor veni cu p\u0103pu\u0219ile lor Barbie, iar b\u0103ie\u021bii cu personajele favorite!<\/p>\n<p>PRE\u021a BILET INTRARE:<\/p>\n<p>10 LEI \/ COPIL\/zi<\/p>\n<p>15 LEI \/ ADULT\/zi<\/p>\n<p>Biletele de sambata includ participarea la workshopuri de sambata + proiec\u021bia de film.<\/p>\n<p>Biletele de duminica includ participarea la toate workshopurile de duminica.<\/p>\n<p>Biletul de duminica NU include workshopul sus\u021binut de actorul Miltos Yerolemou.<\/p>\n<\/div>\n<p>[\/vc_column_text][vc_single_image image=&#8221;17311&#8243; img_size=&#8221;full&#8221;][vc_single_image image=&#8221;17373&#8243; img_size=&#8221;full&#8221;][vc_gallery interval=&#8221;3&#8243; images=&#8221;17107,17108&#8243; img_size=&#8221;full&#8221; title=&#8221;Casa de cultur\u0103 Dumbr\u0103vi\u021ba, Timi\u0219&#8221;][\/vc_column][\/vc_row][vc_row][vc_column][vc_column_text]Lista (incomplet\u0103) de participan\u021bi\/expozan\u021bi la zona de ativit\u0103\u021bi, v\u00e2nzare \u0219i jocuri, va fi disponibil\u0103 \u00eencep\u00e2nd cu 10 septembrie.[\/vc_column_text][vc_column_text]Zona\u00a0 de Foud Court va pune la dispozi\u021bia participan\u021bilor \u00eenfometa\u021bi \u0219i \u00eenseta\u021bi urm\u0103toarea ofert\u0103:<\/p>\n<ul>\n<li>hamburgheri<\/li>\n<li>cl\u0103tite<\/li>\n<li>\u00eenghe\u021bat\u0103<\/li>\n<li>popcorn<\/li>\n<li>sucuri, ap\u0103, cafele<\/li>\n<\/ul>\n<p>[\/vc_column_text][\/vc_column][\/vc_row]<\/p>\n","protected":false},"excerpt":{"rendered":"<p>[vc_row][vc_column][vc_column_text] Pentru a ajunge la loca\u021bie, deschide acest link pe telefonul mobil (click aici). [\/vc_column_text][vc_column_text][\/vc_column_text][vc_column_text]Zona de activit\u0103\u021bi, v\u00e2nzare, jocuri \u0219i socializare este situat\u0103\u00a0 \u00een Sala Mare din Casa de Cultur\u0103 din Dumbr\u0103vi\u021ba, Timi\u0219. Zona va fi deschis\u0103 S\u00e2mb\u0103t\u0103 \u0219i Duminic\u0103, \u00een 23-24 Septembrie 2023, de la 10.00 la 18.00[\/vc_column_text][vc_column_text] S\u00c2MB\u0102T\u0102 23 SEPTEMBRIE S\u00e2mb\u0103ta toat\u0103 ziua: [&hellip;]<\/p>\n","protected":false},"author":2,"featured_media":0,"parent":0,"menu_order":0,"comment_status":"closed","ping_status":"closed","template":"","meta":[],"acf":[],"_links":{"self":[{"href":"https:\/\/festival.galactic.one\/2023\/wp-json\/wp\/v2\/pages\/17094"}],"collection":[{"href":"https:\/\/festival.galactic.one\/2023\/wp-json\/wp\/v2\/pages"}],"about":[{"href":"https:\/\/festival.galactic.one\/2023\/wp-json\/wp\/v2\/types\/page"}],"author":[{"embeddable":true,"href":"https:\/\/festival.galactic.one\/2023\/wp-json\/wp\/v2\/users\/2"}],"replies":[{"embeddable":true,"href":"https:\/\/festival.galactic.one\/2023\/wp-json\/wp\/v2\/comments?post=17094"}],"version-history":[{"count":16,"href":"https:\/\/festival.galactic.one\/2023\/wp-json\/wp\/v2\/pages\/17094\/revisions"}],"predecessor-version":[{"id":17674,"href":"https:\/\/festival.galactic.one\/2023\/wp-json\/wp\/v2\/pages\/17094\/revisions\/17674"}],"wp:attachment":[{"href":"https:\/\/festival.galactic.one\/2023\/wp-json\/wp\/v2\/media?parent=17094"}],"curies":[{"name":"wp","href":"https:\/\/api.w.org\/{rel}","templated":true}]}}