{"id":1888,"date":"2020-02-29T12:54:46","date_gmt":"2020-02-29T12:54:46","guid":{"rendered":"https:\/\/festival.galactic.one\/?page_id=1888"},"modified":"2022-08-20T14:30:56","modified_gmt":"2022-08-20T14:30:56","slug":"reguli-la-festival","status":"publish","type":"page","link":"https:\/\/festival.galactic.one\/2022\/reguli-la-festival\/","title":{"rendered":"Reguli la festival"},"content":{"rendered":"<p>TGIFF (The Galactic Imaginarium Film Festival), organizat de APEC (Asocia\u021bia pentru Educa\u021bie Complementar\u0103), este un eveniment cultural de film, av\u00e2nd un program adi\u021bional de cultur\u0103 pop din domeniile Science Fiction \u0219i Fantasy. Este conceput \u00eentr-o manier\u0103 orientat\u0103 spre familie, oferind participan\u021bilor c\u00e2teva zile plin de distrac\u021bie \u0219i un loc sigur \u00een care s\u0103 socializeze \u0219i s\u0103 se relaxeze. Pentru aceasta, am pus \u00een aplicare urm\u0103toarele reguli de conduit\u0103 care trebuie respectate de c\u0103tre participan\u021bi.<\/p>\n<p><span style=\"color: #ff0000;\"><strong>Dac\u0103 participa\u021bi gratuit sau achizi\u021biona\u021bi un bilet pentru TGIFF, sunte\u021bi de acord c\u0103 ve\u021bi respecta toate aceste reguli, pe parcursul evenimentului.<\/strong><\/span><\/p>\n<p>V\u0103 rug\u0103m s\u0103 ne raporta\u021bi dac\u0103 sunte\u021bi victima oric\u0103rei forme de h\u0103r\u021buire sau observa\u021bi vreo \u00eenc\u0103lcare a politicilor noastre, \u00eenainte sau \u00een timpul TGIFF. Ne pute\u021bi contacta prin e-mail \u00eenainte de eveniment sau pute\u021bi contacta biroul de recep\u021bie sau orice membru al personalului \u00een timpul evenimentului.<\/p>\n<p><strong>Politici generale<\/strong><\/p>\n<p>Nu toler\u0103m urm\u0103toarele activit\u0103\u021bi la TGIFF:<br \/>\n\u2022 h\u0103r\u021buirea fizic\u0103 sau verbal\u0103 a altor membri, invita\u021bi ai Festivalului sau membri ai personalului<br \/>\n\u2022 abateri sexuale, cum ar fi expunerea indecent\u0103, atingerea cu tent\u0103 sexual\u0103 sau alte comportamente care pot fi asimilate actelor de h\u0103r\u021buire sexual\u0103<br \/>\n\u2022 implicarea \u00eentr-un comportament perturbator \u0219i periculos care deranjeaz\u0103 al\u021bi membri, invita\u021bi ai Festivalului sau membri ai personalului<br \/>\n\u2022 actul prin care se cere oric\u0103rui oaspete de la TGIFF un autograf sau o fotografie \u00een afara zonei \u0219i programului de acordare a autografelor, \u00een timpul Festivalului<br \/>\n\u2022 de\u021binerea sau utilizarea oric\u0103ror droguri, substan\u021be narcotice sau alte substan\u021be ilegale<br \/>\n\u2022 de\u021binerea sau utilizarea oric\u0103rui obiect definit ca arm\u0103, ilegal sau nu, cu excep\u021bia armelor care apar\u021bin costuma\u021biilor (a\u0219a cum este definit \u00een politica noastr\u0103 privind armele, de mai jos)<br \/>\n\u2022 distribuirea b\u0103uturilor alcoolice c\u0103tre orice persoan\u0103 cu v\u00e2rsta sub 18 ani<br \/>\n\u2022 comportament perturbator sau inadecvat sau orice activitate interzis\u0103 de lege<br \/>\n\u2022 orice act care ar putea duce la un risc substan\u021bial de v\u0103t\u0103mare a persoanelor sau a bunurilor<\/p>\n<p>Orice \u00eenc\u0103lcare a acestor politici va duce la consecin\u021bele variate, inclusiv, dar f\u0103r\u0103 a se limita la revocarea accesului acelui participant la Festival, f\u0103r\u0103 restituirea costului biletului, interzicerea permanent\u0103 de a participa la viitoarele evenimente TGIFF, contactarea autorit\u0103\u021bile legale corespunz\u0103toare.<\/p>\n<p>TGIFF se a\u0219teapt\u0103 de la to\u021bi participan\u021bii la festival s\u0103 respecte <strong>politica noastr\u0103 de comportament<\/strong>, \u00een rela\u021bie cu al\u021bi participan\u021bi, invita\u021bi \u0219i echipa de personal, dup\u0103 cum urmeaz\u0103:<br \/>\n\u2022 telefoanele mobile \u0219i alte dispozitive electronice vor fi puse \u00een modul silen\u021bios sau vor fi oprite \u00een timpul programelor, proiec\u021bilori de filme, al atelierelor sau al altor activit\u0103\u021bi care necesit\u0103 lini\u0219te; de asemenea, participan\u021bii trebuie s\u0103 r\u0103m\u00e2n\u0103 lini\u0219ti\u021bi \u0219i s\u0103 nu vorbeasc\u0103 \u00eentre ei, cu excep\u021bia particip\u0103rii la discu\u021bii cu publicul, \u00een timpul programelor<br \/>\n\u2022 p\u0103rin\u021bii trebuie s\u0103 plece imediat din sala de programe \u00eempreun\u0103 cu copii dac\u0103 ace\u0219tia devin zgomoto\u0219i, pl\u00e2ng sau se comport\u0103 nepotrivit<br \/>\n\u2022 \u00eenchide\u021bi \u0219i deschide\u021bi u\u0219ile \u00een lini\u0219te, la intrarea sau la ie\u0219irea din s\u0103lile de program<br \/>\n\u2022 respecta\u021bi ceilal\u021bi participan\u021bi prin a nu perturba sau a interveni nepotrivit \u00een conversa\u021biile lor private, sau prin \u00eenregistrarea video \u0219i\/sau realizarea de fotografii, sesiuni de \u00eenregistrare sau alte activit\u0103\u021bi<\/p>\n<p><strong>\u00cen leg\u0103tur\u0103 cu oaspe\u021bii festivalului<\/strong>, participan\u021bii trebuie:<br \/>\n\u2022 s\u0103 nu monopolizeze timpul invitatului sub nicio form\u0103<br \/>\n\u2022 NU cere\u021bi unui invitat un autograf sau o fotografie\/selfie, \u00een afara oric\u0103rei sesiuni de autograf sau a unei sesiuni de studiou foto<br \/>\n\u2022 fi\u021bi discre\u021bi atunci c\u00e2nd aborda\u021bi un oaspete \u00eentr-un loc public, cum ar fi un bar sau un restaurant, pentru a nu afecta conversa\u021biile sale \u00een derulare sau pentru a ocupa timpul personal al oaspe\u021bilor<\/p>\n<p><strong>\u00cenregistrare \/ difuzarea audio \u0219i video<\/strong><\/p>\n<p>\u00cenregistrarea \u0219i transmisia audio\/video a evenimentelor noastre nu sunt permise \u00een urm\u0103toarele loca\u021bii:<br \/>\n\u2022 programe<br \/>\n\u2022 proiec\u021bie de film \u0219i evenimentele de dup\u0103 acestea<br \/>\n\u2022 ateliere\/workshop-uri<br \/>\n\u2022 sesiuni foto cu invita\u021bi<br \/>\n\u2022 semnarea de autografe, cu invita\u021bi<br \/>\n\u2022 Expozi\u021bia de art\u0103<br \/>\n\u2022 Expozi\u021bia de modele<\/p>\n<p>\u00cenregistrarea \/ difuzarea de fotografii \u0219i video \u00een alte loca\u021bii dec\u00e2t cele descrise mai sus este permis\u0103 dac\u0103 subiec\u021bii care sunt \u00eenregistra\u021bi\u00a0 video \u0219i-au exprimat consim\u021b\u0103m\u00e2ntul, de asemenea, dac\u0103 nu perturb\u0103 evenimentele sau fluxul de persoane. Dac\u0103 vreun invitat sau membru al personalului din cadrul Festivalului solicit\u0103 \u00eentreruperea \u00eenregistr\u0103rii video \u00een anumit\u0103 situa\u021bie (cum ar fi sesiunile de autografe sau sesiunile foto), participan\u021bii trebuie s\u0103 respecte imediat aceast\u0103 solicitare.<\/p>\n<p><strong>Costuma\u021bie \u0219i \u00eembr\u0103c\u0103minte<\/strong><\/p>\n<p>Acest festival este considerat un eveniment cu deschidere pentru familie, a\u0219a c\u0103 re\u021bine\u021bi acest fapt atunci c\u00e2nd alege\u021bi costumele pe care le ve\u021bi purta, folosind bunul sim\u021b \u0219i bunul gust. Organizatorii festivalului \u00ee\u0219i rezerv\u0103 dreptul de a considera un costum inacceptabil \u0219i vor solicita purt\u0103torului s\u0103 fac\u0103 modific\u0103rile necesare. De asemenea, lua\u021bi \u00een considerare faptul c\u0103 mersul cu picioarele goale nu este permis \u00een loca\u021biile festivalului.<\/p>\n<p><strong>Politica legat\u0103 de arme (de recuzit\u0103)<br \/>\n<\/strong><\/p>\n<p>\u00cen unele cazuri, armele de recuzit\u0103 sunt importante pentru costuma\u021bie. Iat\u0103 c\u00e2teva reguli cu privire la ele:<br \/>\n\u2022 toate armele trebuie s\u0103 NU func\u021bioneze, astfel \u00eenc\u00e2t se interzic: pistoale de ap\u0103 sau pistoale care arunc\u0103 proiectile \u0219i alte tipuri de arme care arunc\u0103 proiectile, s\u0103ge\u021bi etc.<br \/>\n\u2022 armele cu lama (doar dac\u0103 sunt \u021binute \u00een teaca lor) \u0219i jocul cu acestea, aceste activit\u0103\u021bi fiind permise DOAR \u00een zonele special desemnate, cum ar fi zona LARP<br \/>\n\u2022 explozibilii sau substan\u021bele chimice de orice fel, inclusiv, f\u0103r\u0103 a se limita la cele care produc pulbere de fum, sc\u00e2ntei \u0219i artificii, fiind interzise la festival<br \/>\nNU aduce\u021bi nimic care s\u0103 sperie sau s\u0103-i enerveze pe ceilal\u021bi participan\u021bi.<\/p>\n<p>Aceste reguli se aplic\u0103 exclusiv armelor de recuzit\u0103. Organizatorii festivalului nu permit nicio arm\u0103 real\u0103 s\u0103 fie prezent\u0103 \u00een perimetrul Festivalului, conform politicilor noastre generale de mai sus; \u00eenc\u0103lcarea acestei reguli va fi o raportare imediat\u0103 c\u0103tre autorit\u0103\u021bile corespunz\u0103toare.<\/p>\n<p><strong>R\u0103spundere<\/strong><\/p>\n<p>TGIFF \u0219i organizatorul, APEC nu sunt responsabili pentru nicio pierdere, deteriorare, furt sau v\u0103t\u0103mare legat\u0103 de vreun participant la eveniment, \u00een orice moment al acestuia. Participan\u021bii sunt responsabili pentru ac\u021biunile lor individuale \u0219i vor r\u0103spunde personal pentru repercusiuni care pot rezulta din comportamentul lor. Urgen\u021bele civile sau medicale \u0219i activitatea infrac\u021bional\u0103 vor fi raportate de c\u0103tre public la Recep\u021bie, care va contacta autorit\u0103\u021bile.<\/p>\n<p>TGIFF \u0219i APEC nu sunt responsabile pentru daunele de orice fel care decurg din utilizarea site-ului \u0219i folosirea oric\u0103ror informa\u021bii con\u021binute pe acest site web (festival.galactic.one). De\u0219i informa\u021biile con\u021binute pe site-ul web sunt actualizate periodic, nu se ofer\u0103 nicio garan\u021bie c\u0103 informa\u021biile furnizate pe acest site Web sunt corecte, complete \u0219i actualizate. De\u0219i TGIFF \u0219i APEC pot include pe site link-uri care ofer\u0103 acces direct la alte resurse de internet, inclusiv site-uri Web, TGIFF \u0219i APEC nu sunt responsabile pentru acurate\u021bea sau con\u021binutul informa\u021biilor con\u021binute pe aceste site-uri. Linkurile c\u0103tre site-urile ter\u021be nu constituie un act de promovare de c\u0103tre APEC \u0219i TGIFF a p\u0103r\u021bilor sau a produselor \u0219i serviciilor acestora. Apari\u021bia pe site-ul de reclame \u0219i informa\u021bii despre produse sau servicii nu constituie o promovare din partea TGIFF \u0219i APEC \u0219i nu am verificat corectitudinea datelor oferite de niciun agent de publicitate. Informa\u021biile despre produs se bazeaz\u0103 exclusiv pe materialele primite de la furnizori.<\/p>\n","protected":false},"excerpt":{"rendered":"<p>TGIFF (The Galactic Imaginarium Film Festival), organizat de APEC (Asocia\u021bia pentru Educa\u021bie Complementar\u0103), este un eveniment cultural de film, av\u00e2nd un program adi\u021bional de cultur\u0103 pop din domeniile Science Fiction \u0219i Fantasy. Este conceput \u00eentr-o manier\u0103 orientat\u0103 spre familie, oferind participan\u021bilor c\u00e2teva zile plin de distrac\u021bie \u0219i un loc sigur \u00een care s\u0103 socializeze \u0219i [&hellip;]<\/p>\n","protected":false},"author":2,"featured_media":0,"parent":0,"menu_order":0,"comment_status":"closed","ping_status":"closed","template":"","meta":[],"acf":[],"_links":{"self":[{"href":"https:\/\/festival.galactic.one\/2022\/wp-json\/wp\/v2\/pages\/1888"}],"collection":[{"href":"https:\/\/festival.galactic.one\/2022\/wp-json\/wp\/v2\/pages"}],"about":[{"href":"https:\/\/festival.galactic.one\/2022\/wp-json\/wp\/v2\/types\/page"}],"author":[{"embeddable":true,"href":"https:\/\/festival.galactic.one\/2022\/wp-json\/wp\/v2\/users\/2"}],"replies":[{"embeddable":true,"href":"https:\/\/festival.galactic.one\/2022\/wp-json\/wp\/v2\/comments?post=1888"}],"version-history":[{"count":2,"href":"https:\/\/festival.galactic.one\/2022\/wp-json\/wp\/v2\/pages\/1888\/revisions"}],"predecessor-version":[{"id":17129,"href":"https:\/\/festival.galactic.one\/2022\/wp-json\/wp\/v2\/pages\/1888\/revisions\/17129"}],"wp:attachment":[{"href":"https:\/\/festival.galactic.one\/2022\/wp-json\/wp\/v2\/media?parent=1888"}],"curies":[{"name":"wp","href":"https:\/\/api.w.org\/{rel}","templated":true}]}}