{"id":17104,"date":"2022-08-20T12:49:24","date_gmt":"2022-08-20T12:49:24","guid":{"rendered":"https:\/\/festival.galactic.one\/2022\/?page_id=17104"},"modified":"2022-09-19T09:21:29","modified_gmt":"2022-09-19T09:21:29","slug":"proiectii-de-filme","status":"publish","type":"page","link":"https:\/\/festival.galactic.one\/2022\/proiectii-de-filme\/","title":{"rendered":"Proiec\u021bii de filme"},"content":{"rendered":"<p>[vc_row][vc_column][vc_column_text]<\/p>\n<h4>Anun\u021b important!<\/h4>\n<h4>Proiec\u021biile de filme au loc \u00een dou\u0103 loca\u021bii:<\/h4>\n<ul>\n<li>\n<h4>la sediu APEC, organizatorul festivalului, \u00een Dumbr\u0103vi\u021ba, Str. Simfoniei nr. 70 col\u021b cu Blv. Ion Creang\u0103 (imagini la finalul paginii) -19-23 septembrie<\/h4>\n<\/li>\n<li>\n<h4>\u00een Sala Mare a Casei de cultur\u0103 din Dumbr\u0103vi\u021ba, 24 septembrie<\/h4>\n<\/li>\n<\/ul>\n<h2>Program:<\/h2>\n<p><strong>17-23 septembrie<\/strong> &#8211; de la ora 20.00, <span style=\"color: #ffff00;\"><strong>acces gratuit<\/strong><\/span> \u00een sal\u0103 de la ora 19.30 (sediul APEC, maxim 40 de persoane, vezi mai sus)<\/p>\n<p><strong>24 septembrie<\/strong> &#8211; de la ora 19.30, <span style=\"color: #ffff00;\"><strong>acces \u00een sal\u0103 pe baz\u0103 de bilet<\/strong> <\/span>(15 lei adulti, 10 lei copii) &#8211; la Casa de cultur\u0103 din Dumbr\u0103vi\u021ba, capacitate 150 de locuri<\/p>\n<table dir=\"ltr\" style=\"width: 100%; height: 1222px;\" border=\"1\" cellspacing=\"0\" cellpadding=\"0\">\n<colgroup>\n<col width=\"376\" \/>\n<col width=\"100\" \/><\/colgroup>\n<tbody>\n<tr style=\"height: 26px;\">\n<td style=\"height: 26px;\" data-sheets-value=\"{&quot;1&quot;:2,&quot;2&quot;:&quot;17th September - Science Fiction Night&quot;}\"><strong>17th September &#8211; Science Fiction Night<\/strong><\/td>\n<td style=\"height: 26px;\"><\/td>\n<\/tr>\n<tr style=\"height: 26px;\">\n<td style=\"height: 26px;\" data-sheets-value=\"{&quot;1&quot;:2,&quot;2&quot;:&quot;The Repairman&quot;}\">The Repairman<\/td>\n<td style=\"height: 26px;\" data-sheets-value=\"{&quot;1&quot;:2,&quot;2&quot;:&quot;1h 32 min&quot;}\">1h 32 min<\/td>\n<\/tr>\n<tr style=\"height: 26px;\">\n<td style=\"height: 26px;\" data-sheets-value=\"{&quot;1&quot;:2,&quot;2&quot;:&quot;The Winter Hunger&quot;}\">The Winter Hunger<\/td>\n<td style=\"height: 26px;\" data-sheets-value=\"{&quot;1&quot;:2,&quot;2&quot;:&quot;1h 49 min&quot;}\">1h 49 min<\/td>\n<\/tr>\n<tr style=\"height: 26px;\">\n<td style=\"height: 26px;\"><\/td>\n<td style=\"height: 26px;\"><\/td>\n<\/tr>\n<tr style=\"height: 26px;\">\n<td style=\"height: 26px;\"><\/td>\n<td style=\"height: 26px;\"><\/td>\n<\/tr>\n<tr style=\"height: 26px;\">\n<td style=\"height: 26px;\" data-sheets-value=\"{&quot;1&quot;:2,&quot;2&quot;:&quot;18th September - Fantasy\/Fantastic Night&quot;}\"><strong>18th September &#8211; Fantasy\/Fantastic Night<\/strong><\/td>\n<td style=\"height: 26px;\"><\/td>\n<\/tr>\n<tr style=\"height: 26px;\">\n<td style=\"height: 26px;\" data-sheets-value=\"{&quot;1&quot;:2,&quot;2&quot;:&quot;Janko Zonta&quot;}\">Janko Zonta<\/td>\n<td style=\"height: 26px;\" data-sheets-value=\"{&quot;1&quot;:2,&quot;2&quot;:&quot;20 min&quot;}\">20 min<\/td>\n<\/tr>\n<tr style=\"height: 26px;\">\n<td style=\"height: 26px;\" data-sheets-value=\"{&quot;1&quot;:2,&quot;2&quot;:&quot;The Heart of the Volcano&quot;}\">The Heart of the Volcano<\/td>\n<td style=\"height: 26px;\" data-sheets-value=\"{&quot;1&quot;:2,&quot;2&quot;:&quot;21 min&quot;}\">21 min<\/td>\n<\/tr>\n<tr style=\"height: 26px;\">\n<td style=\"height: 26px;\" data-sheets-value=\"{&quot;1&quot;:2,&quot;2&quot;:&quot;The Black Spider&quot;}\">The Black Spider<\/td>\n<td style=\"height: 26px;\" data-sheets-value=\"{&quot;1&quot;:2,&quot;2&quot;:&quot;1h 54 min&quot;}\">1h 54 min<\/td>\n<\/tr>\n<tr style=\"height: 26px;\">\n<td style=\"height: 26px;\"><\/td>\n<td style=\"height: 26px;\"><\/td>\n<\/tr>\n<tr style=\"height: 26px;\">\n<td style=\"height: 26px;\"><\/td>\n<td style=\"height: 26px;\"><\/td>\n<\/tr>\n<tr style=\"height: 26px;\">\n<td style=\"height: 26px;\" data-sheets-value=\"{&quot;1&quot;:2,&quot;2&quot;:&quot;19th September - Animation night + Fantasy&quot;}\"><strong>19th September &#8211; Animation night + Fantasy<\/strong><\/td>\n<td style=\"height: 26px;\"><\/td>\n<\/tr>\n<tr style=\"height: 26px;\">\n<td style=\"height: 26px;\" data-sheets-value=\"{&quot;1&quot;:2,&quot;2&quot;:&quot;The Sprayer&quot;}\">The Sprayer<\/td>\n<td style=\"height: 26px;\" data-sheets-value=\"{&quot;1&quot;:2,&quot;2&quot;:&quot;9 min&quot;}\">9 min<\/td>\n<\/tr>\n<tr style=\"height: 26px;\">\n<td style=\"height: 26px;\" data-sheets-value=\"{&quot;1&quot;:2,&quot;2&quot;:&quot;The Statue&quot;}\">The Statue<\/td>\n<td style=\"height: 26px;\" data-sheets-value=\"{&quot;1&quot;:2,&quot;2&quot;:&quot;10 min&quot;}\">10 min<\/td>\n<\/tr>\n<tr style=\"height: 26px;\">\n<td style=\"height: 26px;\" data-sheets-value=\"{&quot;1&quot;:2,&quot;2&quot;:&quot;Camaquen&quot;}\">Camaquen<\/td>\n<td style=\"height: 26px;\" data-sheets-value=\"{&quot;1&quot;:2,&quot;2&quot;:&quot;7 min&quot;}\">7 min<\/td>\n<\/tr>\n<tr style=\"height: 26px;\">\n<td style=\"height: 26px;\" data-sheets-value=\"{&quot;1&quot;:2,&quot;2&quot;:&quot;Magic Head&quot;}\">Magic Head<\/td>\n<td style=\"height: 26px;\" data-sheets-value=\"{&quot;1&quot;:2,&quot;2&quot;:&quot;4 min &quot;}\">4 min<\/td>\n<\/tr>\n<tr style=\"height: 26px;\">\n<td style=\"height: 26px;\" data-sheets-value=\"{&quot;1&quot;:2,&quot;2&quot;:&quot;Planet of the Socks&quot;}\">Planet of the Socks<\/td>\n<td style=\"height: 26px;\" data-sheets-value=\"{&quot;1&quot;:2,&quot;2&quot;:&quot;5 min&quot;}\">5 min<\/td>\n<\/tr>\n<tr style=\"height: 26px;\">\n<td style=\"height: 26px;\" data-sheets-value=\"{&quot;1&quot;:2,&quot;2&quot;:&quot;Nightshades&quot;}\">Nightshades<\/td>\n<td style=\"height: 26px;\" data-sheets-value=\"{&quot;1&quot;:2,&quot;2&quot;:&quot;1h 20 min&quot;}\">1h 20 min<\/td>\n<\/tr>\n<tr style=\"height: 26px;\">\n<td style=\"height: 26px;\"><\/td>\n<td style=\"height: 26px;\"><\/td>\n<\/tr>\n<tr style=\"height: 26px;\">\n<td style=\"height: 26px;\"><\/td>\n<td style=\"height: 26px;\"><\/td>\n<\/tr>\n<tr style=\"height: 26px;\">\n<td style=\"height: 26px;\" data-sheets-value=\"{&quot;1&quot;:2,&quot;2&quot;:&quot;20th September - Comedy\/Parody Night&quot;}\"><strong>20th September &#8211; Comedy\/Parody Night<\/strong><\/td>\n<td style=\"height: 26px;\"><\/td>\n<\/tr>\n<tr style=\"height: 26px;\">\n<td style=\"height: 26px;\" data-sheets-value=\"{&quot;1&quot;:2,&quot;2&quot;:&quot;The Naugty List&quot;}\">The Naughty List<\/td>\n<td style=\"height: 26px;\" data-sheets-value=\"{&quot;1&quot;:2,&quot;2&quot;:&quot;7 min&quot;}\">7 min<\/td>\n<\/tr>\n<tr style=\"height: 26px;\">\n<td style=\"height: 26px;\" data-sheets-value=\"{&quot;1&quot;:2,&quot;2&quot;:&quot;My Room Mate the Jedi&quot;}\">My Roommate the Jedi<\/td>\n<td style=\"height: 26px;\" data-sheets-value=\"{&quot;1&quot;:2,&quot;2&quot;:&quot;24 min&quot;}\">24 min<\/td>\n<\/tr>\n<tr style=\"height: 26px;\">\n<td style=\"height: 26px;\" data-sheets-value=\"{&quot;1&quot;:2,&quot;2&quot;:&quot;Zombiegeddon Movie&quot;}\">Zombiegeddon Movie<\/td>\n<td style=\"height: 26px;\" data-sheets-value=\"{&quot;1&quot;:2,&quot;2&quot;:&quot;1h 20 min&quot;}\">1h 20 min<\/td>\n<\/tr>\n<tr style=\"height: 26px;\">\n<td style=\"height: 26px;\"><\/td>\n<td style=\"height: 26px;\"><\/td>\n<\/tr>\n<tr style=\"height: 26px;\">\n<td style=\"height: 26px;\"><\/td>\n<td style=\"height: 26px;\"><\/td>\n<\/tr>\n<tr style=\"height: 26px;\">\n<td style=\"height: 26px;\" data-sheets-value=\"{&quot;1&quot;:2,&quot;2&quot;:&quot;21st September - Documentary Night&quot;}\"><strong>21st September &#8211; Documentary Night<\/strong><\/td>\n<td style=\"height: 26px;\"><\/td>\n<\/tr>\n<tr style=\"height: 26px;\">\n<td style=\"height: 26px;\" data-sheets-value=\"{&quot;1&quot;:2,&quot;2&quot;:&quot;Stories from Afterwards&quot;}\">Stories from Afterwards<\/td>\n<td style=\"height: 26px;\" data-sheets-value=\"{&quot;1&quot;:2,&quot;2&quot;:&quot;60 min&quot;}\">60 min<\/td>\n<\/tr>\n<tr style=\"height: 26px;\">\n<td style=\"height: 26px;\" data-sheets-value=\"{&quot;1&quot;:2,&quot;2&quot;:&quot;Asteroid Rush: Planetary Defense&quot;}\">Asteroid Rush: Planetary Defense<\/td>\n<td style=\"height: 26px;\" data-sheets-value=\"{&quot;1&quot;:2,&quot;2&quot;:&quot;52 min&quot;}\">52 min<\/td>\n<\/tr>\n<tr style=\"height: 26px;\">\n<td style=\"height: 26px;\" data-sheets-value=\"{&quot;1&quot;:2,&quot;2&quot;:&quot;The Satanic Panic and the Religious Battle for the Imagination&quot;}\">The Satanic Panic and the Religious Battle for the Imagination<\/td>\n<td style=\"height: 26px;\" data-sheets-value=\"{&quot;1&quot;:2,&quot;2&quot;:&quot;1h 28 min&quot;}\">1h 28 min<\/td>\n<\/tr>\n<tr style=\"height: 26px;\">\n<td style=\"height: 26px;\"><\/td>\n<td style=\"height: 26px;\"><\/td>\n<\/tr>\n<tr style=\"height: 26px;\">\n<td style=\"height: 26px;\"><\/td>\n<td style=\"height: 26px;\"><\/td>\n<\/tr>\n<tr style=\"height: 26px;\">\n<td style=\"height: 26px;\" data-sheets-value=\"{&quot;1&quot;:2,&quot;2&quot;:&quot;22nd September - Science Fiction Night&quot;}\"><strong>22nd September &#8211; Science Fiction Night<\/strong><\/td>\n<td style=\"height: 26px;\"><\/td>\n<\/tr>\n<tr style=\"height: 26px;\">\n<td style=\"height: 26px;\" data-sheets-value=\"{&quot;1&quot;:2,&quot;2&quot;:&quot;Fieldtrip&quot;}\">Fieldtrip<\/td>\n<td style=\"height: 26px;\" data-sheets-value=\"{&quot;1&quot;:2,&quot;2&quot;:&quot;20 min&quot;}\">20 min<\/td>\n<\/tr>\n<tr style=\"height: 26px;\">\n<td style=\"height: 26px;\" data-sheets-value=\"{&quot;1&quot;:2,&quot;2&quot;:&quot;off_line&quot;}\">off_line<\/td>\n<td style=\"height: 26px;\" data-sheets-value=\"{&quot;1&quot;:2,&quot;2&quot;:&quot;20 min&quot;}\">20 min<\/td>\n<\/tr>\n<tr style=\"height: 26px;\">\n<td style=\"height: 26px;\" data-sheets-value=\"{&quot;1&quot;:2,&quot;2&quot;:&quot;Captain Wits&quot;}\">Captain Wits<\/td>\n<td style=\"height: 26px;\" data-sheets-value=\"{&quot;1&quot;:2,&quot;2&quot;:&quot;1h 30 min&quot;}\">1h 30 min<\/td>\n<\/tr>\n<tr style=\"height: 26px;\">\n<td style=\"height: 26px;\"><\/td>\n<td style=\"height: 26px;\"><\/td>\n<\/tr>\n<tr style=\"height: 26px;\">\n<td style=\"height: 26px;\" data-sheets-value=\"{&quot;1&quot;:2,&quot;2&quot;:&quot;23rd September - Short films Night&quot;}\"><strong>23rd September &#8211; Short films Night<\/strong><\/td>\n<td style=\"height: 26px;\"><\/td>\n<\/tr>\n<tr style=\"height: 26px;\">\n<td style=\"height: 26px;\" data-sheets-value=\"{&quot;1&quot;:2,&quot;2&quot;:&quot;Triangle&quot;}\">Triangle<\/td>\n<td style=\"height: 26px;\" data-sheets-value=\"{&quot;1&quot;:2,&quot;2&quot;:&quot;20 min&quot;}\">20 min<\/td>\n<\/tr>\n<tr style=\"height: 26px;\">\n<td style=\"height: 26px;\" data-sheets-value=\"{&quot;1&quot;:2,&quot;2&quot;:&quot;Orbital Christmas&quot;}\">Orbital Christmas<\/td>\n<td style=\"height: 26px;\" data-sheets-value=\"{&quot;1&quot;:2,&quot;2&quot;:&quot;16 min&quot;}\">16 min<\/td>\n<\/tr>\n<tr style=\"height: 26px;\">\n<td style=\"height: 26px;\" data-sheets-value=\"{&quot;1&quot;:2,&quot;2&quot;:&quot;Lilly&quot;}\">Lilly<\/td>\n<td style=\"height: 26px;\" data-sheets-value=\"{&quot;1&quot;:2,&quot;2&quot;:&quot;9 min&quot;}\">9 min<\/td>\n<\/tr>\n<tr style=\"height: 26px;\">\n<td style=\"height: 26px;\" data-sheets-value=\"{&quot;1&quot;:2,&quot;2&quot;:&quot;VI&quot;}\">VI<\/td>\n<td style=\"height: 26px;\" data-sheets-value=\"{&quot;1&quot;:2,&quot;2&quot;:&quot;11 min&quot;}\">11 min<\/td>\n<\/tr>\n<tr style=\"height: 26px;\">\n<td style=\"height: 26px;\" data-sheets-value=\"{&quot;1&quot;:2,&quot;2&quot;:&quot;Noctuidae&quot;}\">Noctuidae<\/td>\n<td style=\"height: 26px;\" data-sheets-value=\"{&quot;1&quot;:2,&quot;2&quot;:&quot;23 min&quot;}\">23 min<\/td>\n<\/tr>\n<tr style=\"height: 26px;\">\n<td style=\"height: 26px;\" data-sheets-value=\"{&quot;1&quot;:2,&quot;2&quot;:&quot;Dancing with Dharma&quot;}\">Dancing with Dharma<\/td>\n<td style=\"height: 26px;\" data-sheets-value=\"{&quot;1&quot;:2,&quot;2&quot;:&quot;17 min &quot;}\">17 min<\/td>\n<\/tr>\n<tr style=\"height: 26px;\">\n<td style=\"height: 26px;\"><\/td>\n<td style=\"height: 26px;\"><\/td>\n<\/tr>\n<tr style=\"height: 26px;\">\n<td style=\"height: 26px;\" data-sheets-value=\"{&quot;1&quot;:2,&quot;2&quot;:&quot;24th September - Premier Night&quot;}\"><strong>24th September &#8211; Premiere Night<\/strong><\/td>\n<td style=\"height: 26px;\"><\/td>\n<\/tr>\n<tr style=\"height: 26px;\">\n<td style=\"height: 26px;\" data-sheets-value=\"{&quot;1&quot;:2,&quot;2&quot;:&quot;Jim Button and the Wild 13&quot;}\">Jim Button and the Wild 13<\/td>\n<td style=\"height: 26px;\" data-sheets-value=\"{&quot;1&quot;:2,&quot;2&quot;:&quot;1h 49 min&quot;}\">1h 49 min<\/td>\n<\/tr>\n<\/tbody>\n<\/table>\n<p>[\/vc_column_text][vc_gallery interval=&#8221;3&#8243; images=&#8221;17107,17108&#8243; img_size=&#8221;full&#8221; title=&#8221;Casa de Cultur\u0103 Dumbr\u0103vi\u021ba, Timi\u0219&#8221;][vc_gallery interval=&#8221;3&#8243; images=&#8221;17270,17269&#8243; img_size=&#8221;full&#8221; title=&#8221;Sediu APEC din Dumbr\u0103vi\u021ba, Str. Simfoniei col\u021b cu Blv. Ion Creang\u0103&#8221;][\/vc_column][\/vc_row][vc_row][vc_column][vc_column_text]Pentru a ajunge la loca\u021bie, deschide acest link pe telefonul mobil (<a href=\"https:\/\/goo.gl\/maps\/K7bkdtb71UGpW7iK7\">click aici<\/a>).[\/vc_column_text][\/vc_column][\/vc_row]<\/p>\n","protected":false},"excerpt":{"rendered":"<p>[vc_row][vc_column][vc_column_text] Anun\u021b important! Proiec\u021biile de filme au loc \u00een dou\u0103 loca\u021bii: la sediu APEC, organizatorul festivalului, \u00een Dumbr\u0103vi\u021ba, Str. Simfoniei nr. 70 col\u021b cu Blv. Ion Creang\u0103 (imagini la finalul paginii) -19-23 septembrie \u00een Sala Mare a Casei de cultur\u0103 din Dumbr\u0103vi\u021ba, 24 septembrie Program: 17-23 septembrie &#8211; de la ora 20.00, acces gratuit \u00een [&hellip;]<\/p>\n","protected":false},"author":2,"featured_media":0,"parent":0,"menu_order":0,"comment_status":"closed","ping_status":"closed","template":"","meta":[],"acf":[],"_links":{"self":[{"href":"https:\/\/festival.galactic.one\/2022\/wp-json\/wp\/v2\/pages\/17104"}],"collection":[{"href":"https:\/\/festival.galactic.one\/2022\/wp-json\/wp\/v2\/pages"}],"about":[{"href":"https:\/\/festival.galactic.one\/2022\/wp-json\/wp\/v2\/types\/page"}],"author":[{"embeddable":true,"href":"https:\/\/festival.galactic.one\/2022\/wp-json\/wp\/v2\/users\/2"}],"replies":[{"embeddable":true,"href":"https:\/\/festival.galactic.one\/2022\/wp-json\/wp\/v2\/comments?post=17104"}],"version-history":[{"count":14,"href":"https:\/\/festival.galactic.one\/2022\/wp-json\/wp\/v2\/pages\/17104\/revisions"}],"predecessor-version":[{"id":17275,"href":"https:\/\/festival.galactic.one\/2022\/wp-json\/wp\/v2\/pages\/17104\/revisions\/17275"}],"wp:attachment":[{"href":"https:\/\/festival.galactic.one\/2022\/wp-json\/wp\/v2\/media?parent=17104"}],"curies":[{"name":"wp","href":"https:\/\/api.w.org\/{rel}","templated":true}]}}