{"id":17094,"date":"2022-08-20T12:02:24","date_gmt":"2022-08-20T12:02:24","guid":{"rendered":"https:\/\/festival.galactic.one\/2022\/?page_id=17094"},"modified":"2022-09-16T15:10:21","modified_gmt":"2022-09-16T15:10:21","slug":"zona-de-evenimente","status":"publish","type":"page","link":"https:\/\/festival.galactic.one\/2022\/zona-de-evenimente\/","title":{"rendered":"Zona de evenimente"},"content":{"rendered":"<p>[vc_row][vc_column][vc_column_text]<\/p>\n<h4>Pentru a ajunge la loca\u021bie, deschide acest link pe telefonul mobil (<a href=\"https:\/\/goo.gl\/maps\/K7bkdtb71UGpW7iK7\">click aici<\/a>).<\/h4>\n<p>[\/vc_column_text][vc_column_text]Zona de activit\u0103\u021bi, v\u00e2nzare, jocuri \u0219i socializare este situat\u0103\u00a0 \u00een Sala Mare din Casa de Cultur\u0103 din Dumbr\u0103vi\u021ba, Timi\u0219.<\/p>\n<p>Zona va fi deschis\u0103 S\u00e2mb\u0103t\u0103 \u0219i Duminic\u0103, \u00een<strong> 24-25 Septembrie 2022, de la 10.00 la 18.00<\/strong>[\/vc_column_text][vc_single_image image=&#8221;17040&#8243; img_size=&#8221;full&#8221;][vc_gallery interval=&#8221;3&#8243; images=&#8221;17107,17108&#8243; img_size=&#8221;full&#8221; title=&#8221;Casa de cultur\u0103 Dumbr\u0103vi\u021ba, Timi\u0219&#8221;][\/vc_column][\/vc_row][vc_row][vc_column][vc_column_text]Lista (incomplet\u0103) de participan\u021bi\/expozan\u021bi la zona de ativit\u0103\u021bi, v\u00e2nzare \u0219i jocuri:<\/p>\n<table dir=\"ltr\" style=\"width: 100%; height: 364px;\" border=\"1\" cellspacing=\"0\" cellpadding=\"0\">\n<colgroup>\n<col width=\"287\" \/>\n<col width=\"262\" \/><\/colgroup>\n<tbody>\n<tr style=\"height: 26px;\">\n<td style=\"height: 26px;\" data-sheets-value=\"{&quot;1&quot;:2,&quot;2&quot;:&quot;Expozant&quot;}\"><strong>Expozant<\/strong><\/td>\n<td style=\"height: 26px;\" data-sheets-value=\"{&quot;1&quot;:2,&quot;2&quot;:&quot;Domeniu&quot;}\"><strong>Domeniu<\/strong><\/td>\n<\/tr>\n<tr style=\"height: 26px;\">\n<td style=\"height: 26px;\" data-sheets-value=\"{&quot;1&quot;:2,&quot;2&quot;:&quot;ONG Solidart&quot;}\">ONG Solidart<\/td>\n<td style=\"height: 26px;\" data-sheets-value=\"{&quot;1&quot;:2,&quot;2&quot;:&quot;Teatru 3D&quot;}\">Teatru 3D<\/td>\n<\/tr>\n<tr style=\"height: 26px;\">\n<td style=\"height: 26px;\" data-sheets-value=\"{&quot;1&quot;:2,&quot;2&quot;:&quot;Equilibrium Afterschool Dumbr\u0103vi\u021ba&quot;}\">Equilibrium Afterschool Dumbr\u0103vi\u021ba<\/td>\n<td style=\"height: 26px;\" data-sheets-value=\"{&quot;1&quot;:2,&quot;2&quot;:&quot;Zona pentru copii&quot;}\">Zona pentru copii<\/td>\n<\/tr>\n<tr style=\"height: 26px;\">\n<td style=\"height: 26px;\" data-sheets-value=\"{&quot;1&quot;:2,&quot;2&quot;:&quot;Zona de videogaming &quot;}\">Zona de videogaming<\/td>\n<td style=\"height: 26px;\" data-sheets-value=\"{&quot;1&quot;:2,&quot;2&quot;:&quot;Jocuri video&quot;}\">Jocuri video retro<\/td>\n<\/tr>\n<tr style=\"height: 26px;\">\n<td style=\"height: 26px;\" data-sheets-value=\"{&quot;1&quot;:2,&quot;2&quot;:&quot;Andrei D\u0103nescu&quot;}\">Andrei D\u0103nescu<\/td>\n<td style=\"height: 26px;\" data-sheets-value=\"{&quot;1&quot;:2,&quot;2&quot;:&quot;Jocuri de societate (Board Games)&quot;}\">Jocuri de societate (Board Games)<\/td>\n<\/tr>\n<tr style=\"height: 26px;\">\n<td style=\"height: 26px;\" data-sheets-value=\"{&quot;1&quot;:2,&quot;2&quot;:&quot;Cenanclu Sindicatul 9 \/ Revista Planul 9&quot;}\">Cenanclu Sindicatul 9 \/ Revista Planul 9<\/td>\n<td style=\"height: 26px;\" data-sheets-value=\"{&quot;1&quot;:2,&quot;2&quot;:&quot;Expozi\u021bie&quot;}\">Expozi\u021bie<\/td>\n<\/tr>\n<tr style=\"height: 26px;\">\n<td style=\"height: 26px;\" data-sheets-value=\"{&quot;1&quot;:2,&quot;2&quot;:&quot;Adi Bancu&quot;}\">Adi Bancu<\/td>\n<td style=\"height: 26px;\" data-sheets-value=\"{&quot;1&quot;:2,&quot;2&quot;:&quot;Lase Show &quot;}\">Lase Show<\/td>\n<\/tr>\n<tr style=\"height: 26px;\">\n<td style=\"height: 26px;\" data-sheets-value=\"{&quot;1&quot;:2,&quot;2&quot;:&quot;Andrea Putnoky&quot;}\">Andrea Putnoky<\/td>\n<td style=\"height: 26px;\" data-sheets-value=\"{&quot;1&quot;:2,&quot;2&quot;:&quot;Expozi\u021bie de grafic\u0103&quot;}\">Expozi\u021bie de grafic\u0103, v\u00e2nzare semne de carte, stickere, print-uri<\/td>\n<\/tr>\n<tr style=\"height: 26px;\">\n<td style=\"height: 26px;\" data-sheets-value=\"{&quot;1&quot;:2,&quot;2&quot;:&quot;Pr\u0103v\u0103lia de pe Insta - Diana Deac&quot;}\">Pr\u0103v\u0103lia de pe Insta &#8211; Diana Deac<\/td>\n<td style=\"height: 26px;\" data-sheets-value=\"{&quot;1&quot;:2,&quot;2&quot;:&quot;V\u00e2nzare produse handmade&quot;}\">V\u00e2nzare produse handmade<\/td>\n<\/tr>\n<tr style=\"height: 26px;\">\n<td style=\"height: 26px;\" data-sheets-value=\"{&quot;1&quot;:2,&quot;2&quot;:&quot;Ligia Putnoky&quot;}\">Ligia Putnoky<\/td>\n<td style=\"height: 26px;\" data-sheets-value=\"{&quot;1&quot;:2,&quot;2&quot;:&quot;V\u00e2nzare produse handmade bijuterii&quot;}\">V\u00e2nzare produse handmade bijuterii<\/td>\n<\/tr>\n<tr style=\"height: 26px;\">\n<td style=\"height: 26px;\" data-sheets-value=\"{&quot;1&quot;:2,&quot;2&quot;:&quot;Cristina Pop&quot;}\">Cristina Pop<\/td>\n<td style=\"height: 26px;\" data-sheets-value=\"{&quot;1&quot;:2,&quot;2&quot;:&quot;Expozi\u021bie de pictur\u0103 cu v\u00e2nzare&quot;}\">Expozi\u021bie de pictur\u0103 cu v\u00e2nzare<\/td>\n<\/tr>\n<tr style=\"height: 26px;\">\n<td style=\"height: 26px;\" data-sheets-value=\"{&quot;1&quot;:2,&quot;2&quot;:&quot;Lavinia Dirmont - Young Engeenear&quot;}\">Lavinia Dirmont &#8211; Young Engeenear<\/td>\n<td style=\"height: 26px;\" data-sheets-value=\"{&quot;1&quot;:2,&quot;2&quot;:&quot;Robotic\u0103 cu Lego programabil&quot;}\">Robotic\u0103 cu Lego programabil<\/td>\n<\/tr>\n<tr style=\"height: 26px;\">\n<td style=\"height: 26px;\" data-sheets-value=\"{&quot;1&quot;:2,&quot;2&quot;:&quot;CIOCOLATERIE SF&quot;}\">CIOCOLATERIE SF<\/td>\n<td style=\"height: 26px;\" data-sheets-value=\"{&quot;1&quot;:2,&quot;2&quot;:&quot;Ciocolat\u0103 \u0219i pr\u0103jituri SF&quot;}\">Ciocolat\u0103 \u0219i pr\u0103jituri SF<\/td>\n<\/tr>\n<tr style=\"height: 26px;\">\n<td style=\"height: 26px;\" data-sheets-value=\"{&quot;1&quot;:2,&quot;2&quot;:&quot;Libr\u0103ria Cartea de nisip&quot;}\">Libr\u0103ria Cartea de nisip<\/td>\n<td style=\"height: 26px;\" data-sheets-value=\"{&quot;1&quot;:2,&quot;2&quot;:&quot;V\u00e2nzare de carte&quot;}\">V\u00e2nzare de carte<\/td>\n<\/tr>\n<tr>\n<td>Wizz Tech<\/td>\n<td>Atelier interactive cu robo\u021bi de competi\u021bie<\/td>\n<\/tr>\n<tr>\n<td>Arian Chifu<\/td>\n<td>expozi\u021bie de grafic\u0103, NFT-uri<\/td>\n<\/tr>\n<tr>\n<td>Carmen ElaArt by B\u00eersan Carmen Gabriela<\/td>\n<td>Bijuterii \u0219i accesorii handmade<\/td>\n<\/tr>\n<tr>\n<td>Degetu&#8217; Mic<\/td>\n<td>Photobooth, video 360, baloane de heliu, mascote Disney, pictur\u0103 pe fa\u021b\u0103<\/td>\n<\/tr>\n<tr>\n<td>BeeActive LARP<\/td>\n<td>Live Action Role Playing<\/td>\n<\/tr>\n<\/tbody>\n<\/table>\n<p>[\/vc_column_text][vc_column_text]Zona\u00a0 de Foud Court va pune la dispozi\u021bia participan\u021bilor \u00eenfometa\u021bi \u0219i \u00eenseta\u021bi urm\u0103toarea ofert\u0103:<\/p>\n<ul>\n<li>hamburgheri<\/li>\n<li>gula\u0219<\/li>\n<li>cl\u0103tite<\/li>\n<li>\u00eenghe\u021bat\u0103<\/li>\n<li>popcorn<\/li>\n<li>sucuri, ap\u0103, cafele<\/li>\n<\/ul>\n<p>[\/vc_column_text][\/vc_column][\/vc_row]<\/p>\n","protected":false},"excerpt":{"rendered":"<p>[vc_row][vc_column][vc_column_text] Pentru a ajunge la loca\u021bie, deschide acest link pe telefonul mobil (click aici). [\/vc_column_text][vc_column_text]Zona de activit\u0103\u021bi, v\u00e2nzare, jocuri \u0219i socializare este situat\u0103\u00a0 \u00een Sala Mare din Casa de Cultur\u0103 din Dumbr\u0103vi\u021ba, Timi\u0219. Zona va fi deschis\u0103 S\u00e2mb\u0103t\u0103 \u0219i Duminic\u0103, \u00een 24-25 Septembrie 2022, de la 10.00 la 18.00[\/vc_column_text][vc_single_image image=&#8221;17040&#8243; img_size=&#8221;full&#8221;][vc_gallery interval=&#8221;3&#8243; images=&#8221;17107,17108&#8243; img_size=&#8221;full&#8221; title=&#8221;Casa [&hellip;]<\/p>\n","protected":false},"author":2,"featured_media":0,"parent":0,"menu_order":0,"comment_status":"closed","ping_status":"closed","template":"","meta":[],"acf":[],"_links":{"self":[{"href":"https:\/\/festival.galactic.one\/2022\/wp-json\/wp\/v2\/pages\/17094"}],"collection":[{"href":"https:\/\/festival.galactic.one\/2022\/wp-json\/wp\/v2\/pages"}],"about":[{"href":"https:\/\/festival.galactic.one\/2022\/wp-json\/wp\/v2\/types\/page"}],"author":[{"embeddable":true,"href":"https:\/\/festival.galactic.one\/2022\/wp-json\/wp\/v2\/users\/2"}],"replies":[{"embeddable":true,"href":"https:\/\/festival.galactic.one\/2022\/wp-json\/wp\/v2\/comments?post=17094"}],"version-history":[{"count":9,"href":"https:\/\/festival.galactic.one\/2022\/wp-json\/wp\/v2\/pages\/17094\/revisions"}],"predecessor-version":[{"id":17264,"href":"https:\/\/festival.galactic.one\/2022\/wp-json\/wp\/v2\/pages\/17094\/revisions\/17264"}],"wp:attachment":[{"href":"https:\/\/festival.galactic.one\/2022\/wp-json\/wp\/v2\/media?parent=17094"}],"curies":[{"name":"wp","href":"https:\/\/api.w.org\/{rel}","templated":true}]}}