{"id":16745,"date":"2021-09-10T09:26:45","date_gmt":"2021-09-10T09:26:45","guid":{"rendered":"https:\/\/festival.galactic.one\/?post_type=product&#038;p=16745"},"modified":"2021-09-10T10:16:45","modified_gmt":"2021-09-10T10:16:45","slug":"superdeep","status":"publish","type":"product","link":"https:\/\/festival.galactic.one\/2021\/product\/superdeep\/","title":{"rendered":"Superdeep &#8211; bilet de vizionare online"},"content":{"rendered":"<h3 class=\"festival-information__section__content\">Superdeep<\/h3>\n<div id=\"attachment_16746\" style=\"width: 810px\" class=\"wp-caption alignnone\"><img aria-describedby=\"caption-attachment-16746\" loading=\"lazy\" class=\"wp-image-16746 size-full\" src=\"https:\/\/festival.galactic.one\/wp-content\/uploads\/2021\/09\/SUPERDEEP_POSTER.jpg\" alt=\"SUPERDEEP POSTER\" width=\"800\" height=\"1200\" srcset=\"https:\/\/festival.galactic.one\/2021\/wp-content\/uploads\/2021\/09\/SUPERDEEP_POSTER.jpg 800w, https:\/\/festival.galactic.one\/2021\/wp-content\/uploads\/2021\/09\/SUPERDEEP_POSTER-200x300.jpg 200w, https:\/\/festival.galactic.one\/2021\/wp-content\/uploads\/2021\/09\/SUPERDEEP_POSTER-683x1024.jpg 683w, https:\/\/festival.galactic.one\/2021\/wp-content\/uploads\/2021\/09\/SUPERDEEP_POSTER-768x1152.jpg 768w, https:\/\/festival.galactic.one\/2021\/wp-content\/uploads\/2021\/09\/SUPERDEEP_POSTER-300x450.jpg 300w, https:\/\/festival.galactic.one\/2021\/wp-content\/uploads\/2021\/09\/SUPERDEEP_POSTER-600x900.jpg 600w\" sizes=\"(max-width: 800px) 100vw, 800px\" \/><p id=\"caption-attachment-16746\" class=\"wp-caption-text\">SUPERDEEP POSTER<\/p><\/div>\n<h5>Filmul este subtitrat \u00een limba rom\u00e2n\u0103!<\/h5>\n<p><span style=\"color: #ffff00;\"><strong><span style=\"font-size: 20px;\">The film is geoblocked for the viewers with Romanian IP!<\/span><\/strong><\/span><\/p>\n<div><span style=\"color: #ff0000;\"><strong>Filmul va fi disponibil online la o anumita zi si o anumita ora!<br \/>\n<\/strong><\/span><\/div>\n<div><strong>Data:<\/strong> 19 Septembrie 2021<\/div>\n<div><strong>Ora:<\/strong> 21.00 Hours, Romanian Local Time<\/div>\n<div><span style=\"font-size: 17px;\"><strong><span style=\"color: #ff0000;\">INFORMA\u021aII MPORTANTE!<\/span><\/strong><\/span><\/div>\n<div>\n<p>Dup\u0103 ce ve\u021bi cump\u0103ra acest bilet, ve\u021bi primi un e-mail cu numele de utilizator \u0219i parola. V\u0103 rug\u0103m s\u0103 c\u0103uta\u021bi e-mailul \u00een SPAM, TRASH sau \u00een alte foldere similare. Dup\u0103 care:<br \/>\n1. accesa\u021bi https:\/\/festival.galactic.one\/login\/<br \/>\n2. folosi\u021bi utilizatorul \u0219i parola \u0219i conecta\u021bi-v\u0103<br \/>\n3. accesa\u021bi elementul din meniul cu numele <strong>Festival Area<\/strong> (partea de sus a paginii) pentru a intra \u00een platform\u0103 \u0219i a vedea filmul, LA DATA \u0218I ORA indicate mai sus<\/p>\n<p>&nbsp;<\/p>\n<\/div>\n<h4>Sinopsis<\/h4>\n<div>\n<p>O mic\u0103 echip\u0103 de cercet\u0103tori a cobor\u00e2t sub p\u0103m\u00e2nt pentru a afla ce secret ascunde cel mai ad\u00e2nc pu\u021b din lume. Ceea ce au descoperit s-a dovedit a fi cea mai mare amenin\u021bare din istorie. Iar viitorul umanit\u0103\u021bii este \u00een m\u00e2inile lor.<\/p>\n<p>&nbsp;<\/p>\n<\/div>\n<div>\n<table class=\"infobox vevent\">\n<tbody>\n<tr>\n<th class=\"infobox-label\" scope=\"row\">Directed by<\/th>\n<td class=\"infobox-data\">Arseny Syuhin<\/td>\n<\/tr>\n<tr>\n<th class=\"infobox-label\" scope=\"row\">Written by<\/th>\n<td class=\"infobox-data\">Arseny Syuhin<\/td>\n<\/tr>\n<tr>\n<th class=\"infobox-label\" scope=\"row\">Produced by<\/th>\n<td class=\"infobox-data\">\n<div class=\"plainlist\">\n<ul>\n<li>Alexander Kalushkin<\/li>\n<li>Andrey Shishkanov<\/li>\n<li>Sergey Torchilin<\/li>\n<\/ul>\n<\/div>\n<\/td>\n<\/tr>\n<tr>\n<th class=\"infobox-label\" scope=\"row\">Starring<\/th>\n<td class=\"infobox-data\">\n<div class=\"plainlist\">\n<ul>\n<li><a class=\"extiw\" title=\"ru:\u0420\u0430\u0434\u0443\u043b\u043e\u0432\u0438\u0447, \u041c\u0438\u043b\u0435\u043d\u0430\" href=\"https:\/\/ru.wikipedia.org\/wiki\/%D0%A0%D0%B0%D0%B4%D1%83%D0%BB%D0%BE%D0%B2%D0%B8%D1%87,_%D0%9C%D0%B8%D0%BB%D0%B5%D0%BD%D0%B0\">Milena Radulovic<\/a><\/li>\n<li>Maksim Radugin<\/li>\n<li>Nikita Dyuvbanov<\/li>\n<li><a title=\"Vadim Demchog\" href=\"https:\/\/en.wikipedia.org\/wiki\/Vadim_Demchog\">Vadim Demchog<\/a><\/li>\n<li>Kirill Kovbas<\/li>\n<\/ul>\n<\/div>\n<\/td>\n<\/tr>\n<tr>\n<th class=\"infobox-label\" scope=\"row\">\n<div>Release date<\/div>\n<\/th>\n<td class=\"infobox-data\">\n<div class=\"plainlist\">\n<ul>\n<li>November\u00a04,\u00a02020<\/li>\n<\/ul>\n<\/div>\n<\/td>\n<\/tr>\n<tr>\n<th class=\"infobox-label\" scope=\"row\">Country<\/th>\n<td class=\"infobox-data\">Russia<\/td>\n<\/tr>\n<tr>\n<th class=\"infobox-label\" scope=\"row\">Languages<\/th>\n<td class=\"infobox-data\">\n<div class=\"hlist hlist-separated\">\n<ul>\n<li>English<\/li>\n<\/ul>\n<\/div>\n<\/td>\n<\/tr>\n<\/tbody>\n<\/table>\n<\/div>\n","protected":false},"excerpt":{"rendered":"<p>Superdeep Filmul este subtitrat \u00een limba rom\u00e2n\u0103! The film is geoblocked for the viewers with Romanian IP! Filmul va fi disponibil online la o anumita zi si o anumita ora! Data: 19 Septembrie 2021 Ora: 21.00 Hours, Romanian Local Time INFORMA\u021aII MPORTANTE! Dup\u0103 ce ve\u021bi cump\u0103ra acest bilet, ve\u021bi primi un e-mail cu numele de [&hellip;]<\/p>\n","protected":false},"featured_media":16746,"comment_status":"open","ping_status":"closed","template":"","meta":[],"_links":{"self":[{"href":"https:\/\/festival.galactic.one\/2021\/wp-json\/wp\/v2\/product\/16745"}],"collection":[{"href":"https:\/\/festival.galactic.one\/2021\/wp-json\/wp\/v2\/product"}],"about":[{"href":"https:\/\/festival.galactic.one\/2021\/wp-json\/wp\/v2\/types\/product"}],"replies":[{"embeddable":true,"href":"https:\/\/festival.galactic.one\/2021\/wp-json\/wp\/v2\/comments?post=16745"}],"wp:featuredmedia":[{"embeddable":true,"href":"https:\/\/festival.galactic.one\/2021\/wp-json\/wp\/v2\/media\/16746"}],"wp:attachment":[{"href":"https:\/\/festival.galactic.one\/2021\/wp-json\/wp\/v2\/media?parent=16745"}],"curies":[{"name":"wp","href":"https:\/\/api.w.org\/{rel}","templated":true}]}}