{"id":2136,"date":"2020-08-06T09:59:21","date_gmt":"2020-08-06T09:59:21","guid":{"rendered":"https:\/\/festival.galactic.one\/?page_id=2136"},"modified":"2021-09-16T06:05:33","modified_gmt":"2021-09-16T06:05:33","slug":"program-guests","status":"publish","type":"page","link":"https:\/\/festival.galactic.one\/2021\/program-guests\/","title":{"rendered":"Program Guests"},"content":{"rendered":"<p>[vc_row][vc_column][vc_column_text]These are the Program Guests at TGIFF.[\/vc_column_text][\/vc_column][\/vc_row][vc_row][vc_column]    <div class=\"team-block team-carousel-5f2bd40226086\">\n              <div class=\"prev base-icon-back\" data-magic-cursor=\"link-small\"><\/div>\n        <div class=\"next base-icon-next-1\" data-magic-cursor=\"link-small\"><\/div>\n            <div class=\"swiper-container\" data-magic-cursor=\"link-w-text\" data-magic-cursor-text=\"Drag\">\n        <div class=\"swiper-wrapper\">\n              <div class=\"team-item swiper-slide team-item-60799199afa38\">\n      <div class=\"avatar\">\n        <div class=\"img\" style=\"background-image: url(https:\/\/festival.galactic.one\/2021\/wp-content\/uploads\/2020\/02\/3.jpg);\"><\/div>\n              <\/div>\n      <div class=\"bottom\">\n                  <h5 class=\"name\">Miltos Yerolemou, British Theater and Film Actor<\/h5>\n                  <div class=\"post\">Festival Workshops<\/div>\n              <\/div>\n    <\/div>\n        <div class=\"team-item swiper-slide team-item-5f2bd40ea07bf\">\n      <div class=\"avatar\">\n        <div class=\"img\" style=\"background-image: url(https:\/\/festival.galactic.one\/2021\/wp-content\/uploads\/2021\/09\/emillyBest-683x1024.jpg);\"><\/div>\n              <\/div>\n      <div class=\"bottom\">\n                  <h5 class=\"name\">Emily Best, CEO &amp; founder, Seed&amp;Spark<\/h5>\n                  <div class=\"post\">Festival Workshops<\/div>\n              <\/div>\n    <\/div>\n        <div class=\"team-item swiper-slide team-item-60a8e0d917655\">\n      <div class=\"avatar\">\n        <div class=\"img\" style=\"background-image: url(https:\/\/festival.galactic.one\/2021\/wp-content\/uploads\/2021\/05\/Yiwen-Zhang-CEO-of-Storycom-768x1024.png);\"><\/div>\n              <\/div>\n      <div class=\"bottom\">\n                  <h5 class=\"name\">Yiwen Zhang, CEO of Storycom\uff0cExpert of China Science Fiction Research Center<\/h5>\n                  <div class=\"post\">Festival Presentation<\/div>\n              <\/div>\n    <\/div>\n        <div class=\"team-item swiper-slide team-item-6142de0202b27\">\n      <div class=\"avatar\">\n        <div class=\"img\" style=\"background-image: url(https:\/\/festival.galactic.one\/2021\/wp-content\/uploads\/2021\/09\/David-Cormican-Headshot.jpeg);\"><\/div>\n              <\/div>\n      <div class=\"bottom\">\n                  <h5 class=\"name\">David Cormican, Production Oversight, Mogul Productions<\/h5>\n                  <div class=\"post\">Festival Panel<\/div>\n              <\/div>\n    <\/div>\n        <div class=\"team-item swiper-slide team-item-613f64c5dee03\">\n      <div class=\"avatar\">\n        <div class=\"img\" style=\"background-image: url(https:\/\/festival.galactic.one\/2021\/wp-content\/uploads\/2021\/09\/QuentinSur_Realisateur2-1024x783.jpg);\"><\/div>\n              <\/div>\n      <div class=\"bottom\">\n                  <h5 class=\"name\">Quentin Sur, Senior Lead Visualization at Framestore<\/h5>\n                  <div class=\"post\">Festival Presentation<\/div>\n              <\/div>\n    <\/div>\n        <div class=\"team-item swiper-slide team-item-612bb77dc8953\">\n      <div class=\"avatar\">\n        <div class=\"img\" style=\"background-image: url(https:\/\/festival.galactic.one\/2021\/wp-content\/uploads\/2021\/08\/Vancso\u0301-E\u0301va-portre\u03011-762x1024.jpg);\"><\/div>\n              <\/div>\n      <div class=\"bottom\">\n                  <h5 class=\"name\">\u00c9va Vancs\u00f3, Science Fiction Researcher<\/h5>\n                  <div class=\"post\">Festival Presentation<\/div>\n              <\/div>\n    <\/div>\n        <div class=\"team-item swiper-slide team-item-\">\n      <div class=\"avatar\">\n        <div class=\"img\" style=\"background-image: url(https:\/\/festival.galactic.one\/2021\/wp-content\/uploads\/2020\/08\/kevorkian.jpg);\"><\/div>\n              <\/div>\n      <div class=\"bottom\">\n                  <h5 class=\"name\">Florin Kevorkian, Director, Casting Director<\/h5>\n                  <div class=\"post\">Festival Workshops<\/div>\n              <\/div>\n    <\/div>\n        <div class=\"team-item swiper-slide team-item-5f3e3b38806bd\">\n      <div class=\"avatar\">\n        <div class=\"img\" style=\"background-image: url(https:\/\/festival.galactic.one\/2021\/wp-content\/uploads\/2020\/08\/bogdanM2.jpg);\"><\/div>\n              <\/div>\n      <div class=\"bottom\">\n                  <h5 class=\"name\">Bogdan Mih\u0103ilescu, Ph.D., Director and Author<\/h5>\n                  <div class=\"post\">Festival Workshops<\/div>\n              <\/div>\n    <\/div>\n        <div class=\"team-item swiper-slide team-item-613cbc86f88f3\">\n      <div class=\"avatar\">\n        <div class=\"img\" style=\"background-image: url(https:\/\/festival.galactic.one\/2021\/wp-content\/uploads\/2021\/09\/George-T.-Sipos-1024x971.jpg);\"><\/div>\n              <\/div>\n      <div class=\"bottom\">\n                  <h5 class=\"name\">George T Sipos, Lecturer of East Asian Studies, Wash. Univ. in St Louis<\/h5>\n                  <div class=\"post\">Moderator<\/div>\n              <\/div>\n    <\/div>\n        <div class=\"team-item swiper-slide team-item-5f5720e7a080f\">\n      <div class=\"avatar\">\n        <div class=\"img\" style=\"background-image: url(https:\/\/festival.galactic.one\/2021\/wp-content\/uploads\/2020\/09\/vicol-1024x683.jpg);\"><\/div>\n              <\/div>\n      <div class=\"bottom\">\n                  <h5 class=\"name\">Cristian Vicol, Science Fiction writer<\/h5>\n                  <div class=\"post\">Moderator, Film panel<\/div>\n              <\/div>\n    <\/div>\n        <div class=\"team-item swiper-slide team-item-613b31b1224fb\">\n      <div class=\"avatar\">\n        <div class=\"img\" style=\"background-image: url(https:\/\/festival.galactic.one\/2021\/wp-content\/uploads\/2021\/09\/alex-2-1.jpg);\"><\/div>\n              <\/div>\n      <div class=\"bottom\">\n                  <h5 class=\"name\">Alexandru Maniu, Translator, English Teacher<\/h5>\n                  <div class=\"post\">Presenter, Panel moderator<\/div>\n              <\/div>\n    <\/div>\n        <div class=\"team-item swiper-slide team-item-613b357d7b1a4\">\n      <div class=\"avatar\">\n        <div class=\"img\" style=\"background-image: url(https:\/\/festival.galactic.one\/2021\/wp-content\/uploads\/2021\/09\/AD-768x1024.jpg);\"><\/div>\n              <\/div>\n      <div class=\"bottom\">\n                  <h5 class=\"name\">Andrei D\u0103nescu, board game expert<\/h5>\n                  <div class=\"post\">Presenter<\/div>\n              <\/div>\n    <\/div>\n        <div class=\"team-item swiper-slide team-item-613cddb29ef17\">\n      <div class=\"avatar\">\n        <div class=\"img\" style=\"background-image: url(https:\/\/festival.galactic.one\/2021\/wp-content\/uploads\/2021\/09\/Oliver-Petrica-768x1024.jpeg);\"><\/div>\n              <\/div>\n      <div class=\"bottom\">\n                  <h5 class=\"name\">Oliver Petrica -Filmmaker and Animator @ Confaya Media.<\/h5>\n                  <div class=\"post\">Workshop<\/div>\n              <\/div>\n    <\/div>\n        <div class=\"team-item swiper-slide team-item-613cde28cdb4a\">\n      <div class=\"avatar\">\n        <div class=\"img\" style=\"background-image: url(https:\/\/festival.galactic.one\/2021\/wp-content\/uploads\/2021\/09\/Roland-Zsigmond-1-768x1024.jpeg);\"><\/div>\n              <\/div>\n      <div class=\"bottom\">\n                  <h5 class=\"name\">Roland Zsigmond -Filmmaker and Animator @ Confaya Media.<\/h5>\n                  <div class=\"post\">Workshop<\/div>\n              <\/div>\n    <\/div>\n        <div class=\"team-item swiper-slide team-item-60a8f61c61852\">\n      <div class=\"avatar\">\n        <div class=\"img\" style=\"background-image: url(https:\/\/festival.galactic.one\/2021\/wp-content\/uploads\/2021\/05\/radu-681x1024.jpg);\"><\/div>\n              <\/div>\n      <div class=\"bottom\">\n                  <h5 class=\"name\">Radu P\u0103s\u0103ric\u0103, Cosplayer, Costume creator, Cosplay Competition Judge<\/h5>\n                  <div class=\"post\">Festival Workshops<\/div>\n              <\/div>\n    <\/div>\n        <div class=\"team-item swiper-slide team-item-60a8f7f6499e5\">\n      <div class=\"avatar\">\n        <div class=\"img\" style=\"background-image: url(https:\/\/festival.galactic.one\/2021\/wp-content\/uploads\/2021\/05\/mogullogo-681x1024.jpg);\"><\/div>\n              <\/div>\n      <div class=\"bottom\">\n                  <h5 class=\"name\">MIhaela Vladu, Cosplayer, Costume creator, Cosplay Competition Judge<\/h5>\n                  <div class=\"post\">Festival Workshops<\/div>\n              <\/div>\n    <\/div>\n        <div class=\"team-item swiper-slide team-item-60ae1cf2c778f\">\n      <div class=\"avatar\">\n        <div class=\"img\" style=\"background-image: url(https:\/\/festival.galactic.one\/2021\/wp-content\/uploads\/2021\/05\/Davos-Seaworth-GoTsmall.jpg);\"><\/div>\n              <\/div>\n      <div class=\"bottom\">\n                  <h5 class=\"name\">Alexandru Georgescu, Cosplay Artist<\/h5>\n                  <div class=\"post\">Festival Workshops<\/div>\n              <\/div>\n    <\/div>\n        <div class=\"team-item swiper-slide team-item-60ae2aae8ea6a\">\n      <div class=\"avatar\">\n        <div class=\"img\" style=\"background-image: url(https:\/\/festival.galactic.one\/2021\/wp-content\/uploads\/2021\/05\/max2.jpg);\"><\/div>\n              <\/div>\n      <div class=\"bottom\">\n                  <h5 class=\"name\">Amza Ionescu, Prop Maker &amp; Cosplayer<\/h5>\n                  <div class=\"post\">Festival Workshops<\/div>\n              <\/div>\n    <\/div>\n        <div class=\"team-item swiper-slide team-item-611e8c163485a\">\n      <div class=\"avatar\">\n        <div class=\"img\" style=\"background-image: url(https:\/\/festival.galactic.one\/2021\/wp-content\/uploads\/2021\/08\/AlexLamba.jpg);\"><\/div>\n              <\/div>\n      <div class=\"bottom\">\n                  <h5 class=\"name\">Alexandru Lamba, Author<\/h5>\n                  <div class=\"post\">Festival Workshops<\/div>\n              <\/div>\n    <\/div>\n        <div class=\"team-item swiper-slide team-item-613cbd6eebcb4\">\n      <div class=\"avatar\">\n        <div class=\"img\" style=\"background-image: url(https:\/\/festival.galactic.one\/2021\/wp-content\/uploads\/2021\/09\/Andrea-Putnoky-1024x989.png);\"><\/div>\n              <\/div>\n      <div class=\"bottom\">\n                  <h5 class=\"name\">Andrea Putnoky, Bookworm &amp; Internet Aficionado<\/h5>\n                  <div class=\"post\">Trivia Party Master<\/div>\n              <\/div>\n    <\/div>\n            <\/div>\n      <\/div>\n    <\/div>\n    [\/vc_column][\/vc_row]<\/p>\n","protected":false},"excerpt":{"rendered":"<p>[vc_row][vc_column][vc_column_text]These are the Program Guests at TGIFF.[\/vc_column_text][\/vc_column][\/vc_row][vc_row][vc_column][\/vc_column][\/vc_row]<\/p>\n","protected":false},"author":2,"featured_media":0,"parent":0,"menu_order":0,"comment_status":"closed","ping_status":"closed","template":"","meta":[],"_links":{"self":[{"href":"https:\/\/festival.galactic.one\/2021\/wp-json\/wp\/v2\/pages\/2136"}],"collection":[{"href":"https:\/\/festival.galactic.one\/2021\/wp-json\/wp\/v2\/pages"}],"about":[{"href":"https:\/\/festival.galactic.one\/2021\/wp-json\/wp\/v2\/types\/page"}],"author":[{"embeddable":true,"href":"https:\/\/festival.galactic.one\/2021\/wp-json\/wp\/v2\/users\/2"}],"replies":[{"embeddable":true,"href":"https:\/\/festival.galactic.one\/2021\/wp-json\/wp\/v2\/comments?post=2136"}],"version-history":[{"count":53,"href":"https:\/\/festival.galactic.one\/2021\/wp-json\/wp\/v2\/pages\/2136\/revisions"}],"predecessor-version":[{"id":16933,"href":"https:\/\/festival.galactic.one\/2021\/wp-json\/wp\/v2\/pages\/2136\/revisions\/16933"}],"wp:attachment":[{"href":"https:\/\/festival.galactic.one\/2021\/wp-json\/wp\/v2\/media?parent=2136"}],"curies":[{"name":"wp","href":"https:\/\/api.w.org\/{rel}","templated":true}]}}