{"id":2074,"date":"2020-07-10T13:03:54","date_gmt":"2020-07-10T13:03:54","guid":{"rendered":"https:\/\/festival.galactic.one\/?page_id=2074"},"modified":"2021-08-31T16:09:53","modified_gmt":"2021-08-31T16:09:53","slug":"suport-tehnic","status":"publish","type":"page","link":"https:\/\/festival.galactic.one\/2021\/suport-tehnic\/","title":{"rendered":"Suport Tehnic"},"content":{"rendered":"<p>Pentru a participa la TGIFF Virtual, vei folosi urm\u0103toarele aplica\u021bii:<\/p>\n<p>-ZOOM<br \/>\n-Google Meet<br \/>\n-Discord<\/p>\n<p>Fiecare dintre ele au particularit\u0103\u021bi specifice. <strong>\u00ce\u021bi recomand\u0103m s\u0103-\u021bi faci un cont pentru fiecare dintre acestea, pentru a putea beneficia \u00een totalitate de avantajele acestor programe. <span style=\"color: #ffff00;\">Unele programe din cadrul TGIFF vor putea fi accesate DOAR dac\u0103 ai un cont de Zoom, Google Meet sau Discord.<\/span><\/strong><\/p>\n<h5>ZOOM<\/h5>\n<p>Zoom este o platform\u0103 de videoconferin\u021be, dezvoltat\u0103 de Zoom Video Comunications. Ea se poate utiliza de pe desktop, laptop, tablet\u0103 \u0219i smartphone.<\/p>\n<p>Pentru informa\u021bii generale legate de utilizarea ZOOM, folosi\u021bi linkul de mai jos:<br \/>\n<a href=\"https:\/\/support.zoom.us\/hc\/en-us\/categories\/200101697\">https:\/\/support.zoom.us\/hc\/en-us\/categories\/200101697<\/a><\/p>\n<p>Daca nu \u0219ti\u021bi limba englez\u0103, pute\u021bi traduce textul cu Google Translate:<br \/>\n<a href=\"https:\/\/translate.google.ro\/\">https:\/\/translate.google.ro\/<\/a><\/p>\n<p>De asemenea pute\u021bi urm\u0103ri un scurt tutorial video despre cum s\u0103 v\u0103 conecta\u021bi la o \u00eent\u00e2lnire ZOOM:<br \/>\n<a href=\"https:\/\/www.youtube.com\/embed\/hIkCmbvAHQQ\">https:\/\/www.youtube.com\/embed\/hIkCmbvAHQQ<\/a><\/p>\n<p>Pentru a vedea modul de utilizarea a func\u021biilor ZOOM \u00een timpul particip\u0103rii la o \u00eent\u00e2lnire, pute\u021bi viziona acest video:<br \/>\n<a href=\"https:\/\/www.youtube.com\/embed\/ygZ96J_z4AY\">https:\/\/www.youtube.com\/embed\/ygZ96J_z4AY<\/a><\/p>\n<h5>Google Meet<\/h5>\n<p>Google Meet este un serviciu de comunica\u021bii video, dezvoltat de Google. Ea se poate utiliza de pe desktop, laptop, tablet\u0103 \u0219i smartphone.<\/p>\n<p>Pentru informa\u021bii despre intrarea \u00eentr-o \u00eent\u00e2lnire, Google Meet, folosi\u021bi linkul de mai jos:<br \/>\n<a href=\"https:\/\/support.google.com\/meet\/answer\/9303069?hl=ro&amp;ref_topic=7192926\">https:\/\/support.google.com\/meet\/answer\/9303069?hl=ro&amp;ref_topic=7192926<\/a><\/p>\n<p>Pentru informa\u021bii legate de \u00eent\u00e2lnirea propriu-zis\u0103, merge\u021bi la:<br \/>\n<a href=\"https:\/\/support.google.com\/meet\/answer\/9292748?hl=ro&amp;ref_topic=7290350\">https:\/\/support.google.com\/meet\/answer\/9292748?hl=ro&amp;ref_topic=7290350<\/a><\/p>\n<p>\u0219i utiliza\u021bi meniul din dreapta paginii.<\/p>\n<p>Zona general\u0103 de ajutor pentru Google Meet este aici:<br \/>\n<a href=\"https:\/\/support.google.com\/meet\/?hl=ro#topic=7306097\">https:\/\/support.google.com\/meet\/?hl=ro#topic=7306097<\/a><\/p>\n<h5>Discord<\/h5>\n<p>Discord este o aplica\u021bie de gratuit\u0103 creat\u0103 pentru comunit\u0103\u021bile de jocuri video. Platforma este disponibil\u0103 pe Windows, macOS, Android, iOS, Linux \u0219i \u00een navigatoarele web. \u00cen mai 2018 existau 130 de milioane de utilizatori unici \u00eenregistra\u021bi \u00een aplica\u021bie, iar in mai 2020 sunt aproximativ 300 de milioane de utilizatori \u00cenregistra\u021bi.<\/p>\n<p>Aplicatia functioneaza pe baza grupurilor numite &#8220;servere&#8221;, in care pot participa mai multe persoane si pot comunica prin intermediul chaturilor numite &#8220;canale&#8221;. Oricine poate crea un server in mod gratuit, pl\u0103\u021bile suplimentare nefiind necesare. Utilizatori pot comunica in mod privat de asemenea, prin intermediul Mesajelor Directe (eng. Direct Message, DM).<\/p>\n<p>*sursa: wikipedia.org<\/p>\n<p>Resursele de ajutor de mai jos sunt \u00een limba englez\u0103, pentru traducere \u00ee\u021bi recomand\u0103m s\u0103 folose\u0219ti Google Translate (vezi mai sus)<\/p>\n<p>Ghidul \u00eencep\u0103torului pe Discord este aici:<br \/>\n<a href=\"https:\/\/support.discord.com\/hc\/en-us\/articles\/360045138571-Beginner-s-Guide-to-Discord\">https:\/\/support.discord.com\/hc\/en-us\/articles\/360045138571-Beginner-s-Guide-to-Discord<\/a><\/p>\n<p><span style=\"color: #ffff00;\"><strong>Pe parcursul evenimentului, dac\u0103 ai probleme tehnice, po\u021bi cere ajutor la suport clienti pe Wapp, nr. +40 729 455 981<br \/>\n<\/strong><\/span><\/p>\n","protected":false},"excerpt":{"rendered":"<p>Pentru a participa la TGIFF Virtual, vei folosi urm\u0103toarele aplica\u021bii: -ZOOM -Google Meet -Discord Fiecare dintre ele au particularit\u0103\u021bi specifice. \u00ce\u021bi recomand\u0103m s\u0103-\u021bi faci un cont pentru fiecare dintre acestea, pentru a putea beneficia \u00een totalitate de avantajele acestor programe. Unele programe din cadrul TGIFF vor putea fi accesate DOAR dac\u0103 ai un cont de [&hellip;]<\/p>\n","protected":false},"author":2,"featured_media":0,"parent":0,"menu_order":0,"comment_status":"closed","ping_status":"closed","template":"","meta":[],"_links":{"self":[{"href":"https:\/\/festival.galactic.one\/2021\/wp-json\/wp\/v2\/pages\/2074"}],"collection":[{"href":"https:\/\/festival.galactic.one\/2021\/wp-json\/wp\/v2\/pages"}],"about":[{"href":"https:\/\/festival.galactic.one\/2021\/wp-json\/wp\/v2\/types\/page"}],"author":[{"embeddable":true,"href":"https:\/\/festival.galactic.one\/2021\/wp-json\/wp\/v2\/users\/2"}],"replies":[{"embeddable":true,"href":"https:\/\/festival.galactic.one\/2021\/wp-json\/wp\/v2\/comments?post=2074"}],"version-history":[{"count":5,"href":"https:\/\/festival.galactic.one\/2021\/wp-json\/wp\/v2\/pages\/2074\/revisions"}],"predecessor-version":[{"id":16544,"href":"https:\/\/festival.galactic.one\/2021\/wp-json\/wp\/v2\/pages\/2074\/revisions\/16544"}],"wp:attachment":[{"href":"https:\/\/festival.galactic.one\/2021\/wp-json\/wp\/v2\/media?parent=2074"}],"curies":[{"name":"wp","href":"https:\/\/api.w.org\/{rel}","templated":true}]}}