{"id":2005,"date":"2020-07-08T16:26:57","date_gmt":"2020-07-08T16:26:57","guid":{"rendered":"https:\/\/festival.galactic.one\/?page_id=2005"},"modified":"2021-09-08T18:21:26","modified_gmt":"2021-09-08T18:21:26","slug":"cinema-drive-in","status":"publish","type":"page","link":"https:\/\/festival.galactic.one\/2021\/cinema-drive-in\/","title":{"rendered":"Cinema drive-in"},"content":{"rendered":"<p>La TGIFF 2020, din cauza restric\u021biilor impuse de epidemia de coronavirus, singurele vizion\u0103ri de filme vor fi \u00een sistem de drive-in cinema.<\/p>\n<p>Evenimentele de drive-in vor avea loc \u00een Dumbr\u0103vi\u021ba, Timi\u0219, \u00een parcarea S\u0103lii Polivalente. Proiec\u021bia va fi realizat\u0103 pe un ecran de mari dimensiuni iar sunetul va fi furnizat printr-un sistem de WiFi sau prin unde ultra scurte. Informa\u021bii detaliate despre distribu\u021bia sunetului vor fi date de organizatori la fa\u021ba locului.<\/p>\n<p>Accesul la locul de cinema drive-in se face gratuit, \u00een m\u0103sura capacit\u0103\u021bii, dup\u0103 sistemul &#8220;Primul venit, primul servit&#8221;. Dirijarea circula\u021biei se va face de c\u0103tre poli\u021bia local\u0103 (\u00een afara perimetrului evenimentului) \u0219i de c\u0103tre voluntari (\u00een perimetrul evenimentului). V\u0103 recomand\u0103m s\u0103 veni\u021bi \u00een timpul destinat accesului. V\u0103 rug\u0103m s\u0103 respecta\u021bi recomand\u0103rile poli\u021biei locale \u0219i s\u0103 p\u0103stra\u021bi cur\u0103\u021benia.<\/p>\n<p>Accesul \u00een perimetru: 19.00<br \/>\n\u00cenceperea programului: 20.00<\/p>\n<p>\u00cen caz de timp nefavorabil (ploaie, furtun\u0103 etc.), programul va fi suspendat.<\/p>\n<p>Regulile \u0219i procedurile evenimentelor drive-in se pot <a href=\"https:\/\/festival.galactic.one\/reguli-drive-in\">consulta aici<\/a>.<\/p>\n<p>Programul evenimentelor drive-in se poate <a href=\"https:\/\/festival.galactic.one\/program-drive-in\">consulta aici<\/a>.<\/p>\n<p>&nbsp;<\/p>\n<p>&nbsp;<\/p>\n","protected":false},"excerpt":{"rendered":"<p>La TGIFF 2020, din cauza restric\u021biilor impuse de epidemia de coronavirus, singurele vizion\u0103ri de filme vor fi \u00een sistem de drive-in cinema. Evenimentele de drive-in vor avea loc \u00een Dumbr\u0103vi\u021ba, Timi\u0219, \u00een parcarea S\u0103lii Polivalente. Proiec\u021bia va fi realizat\u0103 pe un ecran de mari dimensiuni iar sunetul va fi furnizat printr-un sistem de WiFi sau [&hellip;]<\/p>\n","protected":false},"author":2,"featured_media":0,"parent":0,"menu_order":0,"comment_status":"closed","ping_status":"closed","template":"","meta":[],"_links":{"self":[{"href":"https:\/\/festival.galactic.one\/2021\/wp-json\/wp\/v2\/pages\/2005"}],"collection":[{"href":"https:\/\/festival.galactic.one\/2021\/wp-json\/wp\/v2\/pages"}],"about":[{"href":"https:\/\/festival.galactic.one\/2021\/wp-json\/wp\/v2\/types\/page"}],"author":[{"embeddable":true,"href":"https:\/\/festival.galactic.one\/2021\/wp-json\/wp\/v2\/users\/2"}],"replies":[{"embeddable":true,"href":"https:\/\/festival.galactic.one\/2021\/wp-json\/wp\/v2\/comments?post=2005"}],"version-history":[{"count":11,"href":"https:\/\/festival.galactic.one\/2021\/wp-json\/wp\/v2\/pages\/2005\/revisions"}],"predecessor-version":[{"id":16729,"href":"https:\/\/festival.galactic.one\/2021\/wp-json\/wp\/v2\/pages\/2005\/revisions\/16729"}],"wp:attachment":[{"href":"https:\/\/festival.galactic.one\/2021\/wp-json\/wp\/v2\/media?parent=2005"}],"curies":[{"name":"wp","href":"https:\/\/api.w.org\/{rel}","templated":true}]}}