{"id":1995,"date":"2020-07-08T16:04:21","date_gmt":"2020-07-08T16:04:21","guid":{"rendered":"https:\/\/festival.galactic.one\/?page_id=1995"},"modified":"2020-07-10T07:35:40","modified_gmt":"2020-07-10T07:35:40","slug":"virtual-tgiff","status":"publish","type":"page","link":"https:\/\/festival.galactic.one\/2021\/virtual-tgiff\/","title":{"rendered":"TGIFF Virtual"},"content":{"rendered":"<p>TGIFF Virtual este versiunea online a TGIFF.<\/p>\n<p>\u00cenceput ca proiect secundar, a devenit prima alegere \u00een 2020, datorit\u0103 pandemiei de Covid-19, care a adus cu sine interdic\u021bia adun\u0103ri publice \u0219i a evenimentelor culturale cu participare de sute de oameni.<\/p>\n<p>TGIFF Virtual are urm\u0103toarele loca\u021bii virtuale:<\/p>\n<ul>\n<li>ZOOM, care este locaia principal\u00e2, unde vor fi g\u0103zduite toate elementele din firul principal de program<\/li>\n<li>Google Meet Venue este loca\u021bia secundar\u0103 pentru alte evenimente \u0219i workshop-uri<\/li>\n<li>Discord Virtual Space este o zon\u0103 virtual\u0103 complex\u0103 pentru socializare evenimente secundare<\/li>\n<li>Facebook Watch Party va g\u0103zdui o parte din materialele video<\/li>\n<li>Canalul YouTube, este pentru filme \u0219i alte materiale video; acolo vor fi postate \u00eenregistr\u0103rile video de la festival<\/li>\n<li>Vimeo este destinat filmelor \u0219i altor materiale video<\/li>\n<\/ul>\n","protected":false},"excerpt":{"rendered":"<p>TGIFF Virtual este versiunea online a TGIFF. \u00cenceput ca proiect secundar, a devenit prima alegere \u00een 2020, datorit\u0103 pandemiei de Covid-19, care a adus cu sine interdic\u021bia adun\u0103ri publice \u0219i a evenimentelor culturale cu participare de sute de oameni. TGIFF Virtual are urm\u0103toarele loca\u021bii virtuale: ZOOM, care este locaia principal\u00e2, unde vor fi g\u0103zduite toate [&hellip;]<\/p>\n","protected":false},"author":2,"featured_media":0,"parent":0,"menu_order":0,"comment_status":"closed","ping_status":"closed","template":"","meta":[],"_links":{"self":[{"href":"https:\/\/festival.galactic.one\/2021\/wp-json\/wp\/v2\/pages\/1995"}],"collection":[{"href":"https:\/\/festival.galactic.one\/2021\/wp-json\/wp\/v2\/pages"}],"about":[{"href":"https:\/\/festival.galactic.one\/2021\/wp-json\/wp\/v2\/types\/page"}],"author":[{"embeddable":true,"href":"https:\/\/festival.galactic.one\/2021\/wp-json\/wp\/v2\/users\/2"}],"replies":[{"embeddable":true,"href":"https:\/\/festival.galactic.one\/2021\/wp-json\/wp\/v2\/comments?post=1995"}],"version-history":[{"count":3,"href":"https:\/\/festival.galactic.one\/2021\/wp-json\/wp\/v2\/pages\/1995\/revisions"}],"predecessor-version":[{"id":2044,"href":"https:\/\/festival.galactic.one\/2021\/wp-json\/wp\/v2\/pages\/1995\/revisions\/2044"}],"wp:attachment":[{"href":"https:\/\/festival.galactic.one\/2021\/wp-json\/wp\/v2\/media?parent=1995"}],"curies":[{"name":"wp","href":"https:\/\/api.w.org\/{rel}","templated":true}]}}