{"id":1742,"date":"2020-02-01T15:43:24","date_gmt":"2020-02-01T15:43:24","guid":{"rendered":"https:\/\/festival.galactic.one\/?page_id=1742"},"modified":"2021-03-15T19:50:16","modified_gmt":"2021-03-15T19:50:16","slug":"politica-de-confidentialitate","status":"publish","type":"page","link":"https:\/\/festival.galactic.one\/2021\/politica-de-confidentialitate\/","title":{"rendered":"Politica de confiden\u021bialitate"},"content":{"rendered":"<p class=\"western\" lang=\"ro-RO\"><span style=\"color: #333333;\"><span style=\"font-family: inherit, serif;\"><i><b>Politicile de confiden\u021bialitate <\/b><\/i><\/span><\/span><span style=\"color: #0000ff;\"><u><a href=\"http:\/\/protege.ro\/\">https:\/\/galactic.one<\/a><\/u><\/span> <span style=\"color: #333333;\"><span style=\"font-family: inherit, serif;\"><i><b>specificate de Regulamentul (UE) 2016\/679 privind protec\u021bia persoanelor fizice \u00een ceea ce prive\u0219te prelucrarea datelor cu caracter personal \u0219i privind libera circula\u021bie a acestor date<\/b><\/i><\/span><\/span><\/p>\n<p class=\"western\" lang=\"ro-RO\"><span style=\"color: #333333;\"><span style=\"font-family: Playfair Display, serif;\"><span style=\"font-size: x-large;\"><span lang=\"en-US\"><b>Cine suntem<\/b><\/span><\/span><\/span><\/span><\/p>\n<p lang=\"ro-RO\"><a name=\"_Hlk2670435\"><\/a> <span style=\"font-family: Open Sans, serif;\"><span style=\"font-size: medium;\"><span lang=\"en-US\">Site-ul<\/span><\/span><\/span><span style=\"color: #666666;\"><span style=\"font-family: Open Sans, serif;\"><span style=\"font-size: medium;\"><span lang=\"en-US\">\u00a0<\/span><\/span><\/span><\/span><i><b> <\/b><\/i><span style=\"color: #0000ff;\"><u><a href=\"https:\/\/timisoara89.ro\/\">https:\/\/galactic.one<\/a> <\/u><\/span><span style=\"font-family: Open Sans, serif;\"><span style=\"font-size: medium;\"><span lang=\"en-US\"> este de\u021binut de<\/span><\/span><\/span> <b> <\/b><span style=\"font-family: inherit, serif;\"><b><span style=\"color: #333333;\">Asocia\u021bia Pentru Educa\u021bie Complementar\u0103 din Dumbr\u0103vi\u021ba Timi\u0219, str. Simfoniei nr, 74<\/span><\/b><\/span><span style=\"font-family: Open Sans, serif;\"><span style=\"font-size: medium;\"><span lang=\"en-US\">Adresa sitului web este<\/span><\/span><\/span><span style=\"color: #666666;\"><span style=\"font-family: Open Sans, serif;\"><span style=\"font-size: medium;\"><span lang=\"en-US\">:\u00a0<\/span><\/span><\/span><\/span><span style=\"color: #0000ff;\"><span style=\"font-family: Arial, serif;\"><span style=\"font-size: small;\"><span lang=\"en-US\"><u><a href=\"https:\/\/timisoara89.ro\/\">https:\/\/galactic.one<\/a> <\/u><\/span><\/span><\/span><\/span><\/p>\n<p class=\"western\" lang=\"ro-RO\"><span style=\"color: #333333;\"><span style=\"font-family: Playfair Display, serif;\"><span style=\"font-size: x-large;\"><span lang=\"en-US\"><b>Ce date personale colect\u0103m \u0219i de ce le colect\u0103m<\/b><\/span><\/span><\/span><\/span><\/p>\n<p class=\"western\" lang=\"ro-RO\"><span style=\"color: #333333;\"><span style=\"font-family: Playfair Display, serif;\"><span style=\"font-size: x-large;\"><span lang=\"en-US\"><b>Comentarii<\/b><\/span><\/span><\/span><\/span><\/p>\n<p class=\"western\" lang=\"ro-RO\"><span style=\"font-family: Open Sans, serif;\"><span style=\"font-size: medium;\"><span lang=\"en-US\">C\u00e2nd vizitatorii las\u0103 comentarii pe site, colect\u0103m datele ar\u0103tate \u00een formularele de comentarii, dar \u0219i adresa IP a vizitatorului \u0219i \u0219irul agen\u021bilor utilizator din navigator pentru a ne ajuta la detectarea spamului.<\/span><\/span><\/span><\/p>\n<p class=\"western\" lang=\"ro-RO\"><span style=\"font-family: Open Sans, serif;\"><span style=\"font-size: medium;\"><span lang=\"en-US\">Un \u0219ir f\u0103cut anonim (numit \u0219i un hash), creat din adresele tale de email, poate fi furnizat serviciului Gravatar pentru a vedea dac\u0103 \u00eel folose\u0219ti. Politica de confiden\u021bialitate a serviciului Gravatar este disponibil\u0103 aici:\u00a0<\/span><\/span><\/span><span style=\"font-family: Open Sans, serif;\"><span style=\"font-size: medium;\"><span lang=\"en-US\"><u><a href=\"https:\/\/automattic.com\/privacy\/\" target=\"_blank\" rel=\"noopener noreferrer\">https:\/\/automattic.com\/privacy\/<\/a><\/u><\/span><\/span><\/span><span style=\"font-family: Open Sans, serif;\"><span style=\"font-size: medium;\"><span lang=\"en-US\">. Dup\u0103 aprobarea comentariului, fotografia ta de profil este vizibil\u0103 pentru public l\u00e2ng\u0103 comentariul t\u0103u.<\/span><\/span><\/span><\/p>\n<p class=\"western\" lang=\"ro-RO\"><span style=\"color: #333333;\"><span style=\"font-family: Playfair Display, serif;\"><span style=\"font-size: x-large;\"><span lang=\"en-US\"><b>Media<\/b><\/span><\/span><\/span><\/span><\/p>\n<p class=\"western\" lang=\"ro-RO\"><span style=\"font-family: Open Sans, serif;\"><span style=\"font-size: medium;\"><span lang=\"en-US\">Dac\u0103 \u00eencarci imagini pe situl web, ar trebui s\u0103 evi\u021bi \u00eenc\u0103rcarea imaginilor care au incluse date de loca\u021bie \u00eenglobate (EXIF GPS). Vizitatorii sitului web pot desc\u0103rca \u0219i extrage toate datele despre loca\u021bie din imaginile de pe sit.<\/span><\/span><\/span><\/p>\n<p class=\"western\" lang=\"ro-RO\"><span style=\"color: #333333;\"><span style=\"font-family: Playfair Display, serif;\"><span style=\"font-size: x-large;\"><span lang=\"en-US\"><b>Cookie-uri<\/b><\/span><\/span><\/span><\/span><\/p>\n<p class=\"western\" lang=\"ro-RO\"><span style=\"font-family: Open Sans, serif;\"><span style=\"font-size: medium;\"><span lang=\"en-US\">Dac\u0103 la\u0219i un comentariu pe situl nostru, po\u021bi opta pentru salvarea \u00een cookie-uri a numelui, adresei de email \u0219i siteului t\u0103u web. Acestea sunt pentru confortul t\u0103u, astfel nu mai trebuie s\u0103 le completezi din nou c\u00e2nd la\u0219i un alt comentariu.\u00a0<\/span><\/span><\/span><span style=\"font-size: medium;\"><span lang=\"en-US\"><b><span style=\"font-family: inherit, serif;\">Aceste cookie-uri vor fi valabile un an.<\/span><\/b><\/span><\/span><\/p>\n<p class=\"western\" lang=\"ro-RO\"><span style=\"font-family: Open Sans, serif;\"><span style=\"font-size: medium;\"><span lang=\"en-US\">Dac\u0103 ai un cont \u0219i te autentifici \u00een acest site, vom seta un cookie temporar pentru a determina dac\u0103 navigatorul t\u0103u accept\u0103 cookie-uri. Acest cookie nu con\u021bine date personale \u0219i este eliminat c\u00e2nd \u00eenchizi navigatorul.<\/span><\/span><\/span><\/p>\n<p class=\"western\" lang=\"ro-RO\"><span style=\"font-family: Open Sans, serif;\"><span style=\"font-size: medium;\"><span lang=\"en-US\">C\u00e2nd te autentifici, vom seta \u0219i c\u00e2teva cookie-uri pentru a-\u021bi salva informa\u021biile de autentificare \u0219i op\u021biunile de afi\u0219are pe ecran. Cookie-urile de autentificare sunt p\u0103strate dou\u0103 zile, iar cele pentru op\u021biuni de afi\u0219are pe ecran sunt p\u0103strate un an. Dac\u0103 selectezi \u201e<\/span><\/span><\/span><span style=\"font-size: medium;\"><span lang=\"en-US\"><i><span style=\"font-family: inherit, serif;\">\u021aine-m\u0103 minte<\/span><\/i><\/span><\/span><span style=\"font-family: Open Sans, serif;\"><span style=\"font-size: medium;\"><span lang=\"en-US\">\u201d, cookie-urile tale de autentificare vor fi p\u0103strate dou\u0103 s\u0103pt\u0103m\u00e2ni. Dac\u0103 te dezautentifici din cont, cookie-urile de autentificare vor fi eliminate.<\/span><\/span><\/span><\/p>\n<p class=\"western\" lang=\"ro-RO\"><span style=\"font-family: Open Sans, serif;\"><span style=\"font-size: medium;\"><span lang=\"en-US\">Dac\u0103 editezi sau publici un articol, un cookie suplimentar va fi salvat \u00een navigatorul t\u0103u. Acest cookie nu include date personale \u0219i indic\u0103 pur \u0219i simplu ID-ul articolului pe care tocmai l-ai editat. El expir\u0103 dup\u0103 1 zi.<\/span><\/span><\/span><\/p>\n<p class=\"western\" lang=\"ro-RO\"><span style=\"color: #333333;\"><span style=\"font-family: Playfair Display, serif;\"><span style=\"font-size: x-large;\"><span lang=\"en-US\"><b>Con\u021binut \u00eenglobat de pe alte situri web<\/b><\/span><\/span><\/span><\/span><\/p>\n<p class=\"western\" lang=\"ro-RO\"><span style=\"font-family: Open Sans, serif;\"><span style=\"font-size: medium;\"><span lang=\"en-US\">Articolele din acest sit pot include con\u021binut \u00eenglobat (de exemplu, videouri, imagini, articole etc.). Con\u021binutul \u00eenglobat de pe alte situri web se comporta exact la fel ca \u0219i cum vizitatorii au vizualizat un alt sit web.<\/span><\/span><\/span><\/p>\n<p class=\"western\" lang=\"ro-RO\"><span style=\"font-family: Open Sans, serif;\"><span style=\"font-size: medium;\"><span lang=\"en-US\">Aceste situri web pot s\u0103 colecteze date despre tine, s\u0103 foloseasc\u0103 cookie-uri, s\u0103 \u00eenglobeze urm\u0103rirea suplimentar\u0103 a ter\u021bilor \u0219i s\u0103-\u021bi monitorizeze interac\u021biunea cu con\u021binutul \u00eenglobat, inclusiv s\u0103-\u021bi urm\u0103reasc\u0103 interac\u021biunea cu con\u021binutul \u00eenglobat dac\u0103 ai un cont \u0219i e\u0219ti autentificat \u00een acel sit web.<\/span><\/span><\/span><\/p>\n<p class=\"western\" lang=\"ro-RO\"><span style=\"color: #333333;\"><span style=\"font-family: Playfair Display, serif;\"><span style=\"font-size: x-large;\"><span lang=\"en-US\"><b>Analitice<\/b><\/span><\/span><\/span><\/span><\/p>\n<p class=\"western\" lang=\"ro-RO\"><span style=\"font-family: Open Sans, serif;\"><span style=\"font-size: medium;\"><span lang=\"en-US\">Folosim date furnizate de c\u0103tre Google Analytics. Politica de confiden\u021bialitate Google o pute\u021bi g\u0103si pe site la adresa:\u00a0<\/span><\/span><\/span><span style=\"color: #b30d19;\"><span style=\"font-family: Open Sans, serif;\"><span style=\"font-size: medium;\"><span lang=\"en-US\"><u><a href=\"https:\/\/policies.google.com\/privacy?hl=ro\" target=\"_blank\" rel=\"noopener noreferrer\">https:\/\/policies.google.com\/privacy?hl=ro.<\/a><\/u><\/span><\/span><\/span><\/span><span style=\"color: #666666;\"><span style=\"font-family: Open Sans, serif;\"><span style=\"font-size: medium;\"><span lang=\"en-US\">\u00a0<\/span><\/span><\/span><\/span><span style=\"font-family: Open Sans, serif;\"><span style=\"font-size: medium;\"><span lang=\"en-US\">Daca dori\u021bi s\u0103 nu fi\u021bi contorizat \u00een Analytics va trebui s\u0103 folosi\u021bi pluginul special dezvolat. Mai multe detalii\u00a0<\/span><\/span><\/span><span style=\"color: #b30d19;\"><span style=\"font-family: Open Sans, serif;\"><span style=\"font-size: medium;\"><span lang=\"en-US\"><u><a href=\"https:\/\/tools.google.com\/dlpage\/gaoptout?hl=en\" target=\"_blank\" rel=\"noopener noreferrer\">aici<\/a><\/u><\/span><\/span><\/span><\/span><span style=\"color: #666666;\"><span style=\"font-family: Open Sans, serif;\"><span style=\"font-size: medium;\"><span lang=\"en-US\">.<\/span><\/span><\/span><\/span><\/p>\n<p class=\"western\" lang=\"ro-RO\"><span style=\"color: #333333;\"><span style=\"font-family: Playfair Display, serif;\"><span style=\"font-size: x-large;\"><span lang=\"en-US\"><b>Cu cine partaj\u0103m datele tale<\/b><\/span><\/span><\/span><\/span><\/p>\n<p class=\"western\" lang=\"ro-RO\"><span style=\"font-family: Open Sans, serif;\"><span style=\"font-size: medium;\"><span lang=\"en-US\">Datele personale sunt partajate doar cu firma\u00a0<\/span><\/span><\/span><span style=\"font-family: Open Sans, serif;\"><span style=\"font-size: medium;\"><span lang=\"en-US\"><u>SC <\/u><\/span><\/span><\/span><span style=\"font-size: medium;\"><span lang=\"en-US\"><u><span style=\"font-family: Open Sans, serif;\">Enkosoft Company <\/span><\/u><\/span><\/span><span style=\"font-family: Open Sans, serif;\"><span style=\"font-size: medium;\"><span lang=\"en-US\"><u>SRL<\/u><\/span><\/span><\/span><span style=\"font-family: Open Sans, serif;\"><span style=\"font-size: medium;\"><span lang=\"en-US\">\u00a0care administreaz\u0103 site-ul \u0219i cu care avem contract de confiden\u021bialitate, conform Regulamentului (UE) 2016\/679 privind protec\u021bia persoanelor fizice \u00een ceea ce prive\u0219te prelucrarea datelor cu caracter personal. Politica de confiden\u021bialitate <\/span><\/span><\/span><span style=\"font-family: Open Sans, serif;\"><span style=\"font-size: medium;\"><span lang=\"en-US\">SC Enkosoft Company SRL <\/span><\/span><\/span><span style=\"font-family: Open Sans, serif;\"><span style=\"font-size: medium;\"><span lang=\"en-US\">o pute\u021bi accesa urm\u0103nd urm\u0103torul <\/span><\/span><\/span><span style=\"font-family: Open Sans, serif;\"><span style=\"font-size: medium;\"><span lang=\"en-US\">link <\/span><\/span><\/span><span style=\"font-size: medium;\"><span lang=\"en-US\"><u><span style=\"font-family: Open Sans, serif;\">https:\/\/enkosoft.company\/ro\/politica-confidentialitate<\/span><\/u><\/span><\/span><\/p>\n<p class=\"western\" lang=\"ro-RO\"><span style=\"font-family: Open Sans, serif;\"><span style=\"font-size: medium;\"><span lang=\"en-US\">\u00cen cazul \u00een care institu\u021biile statului, cu drept legal de a solicita date cu caracter personal ne impun partajarea datelor cu acestea, v\u0103 vom anun\u021ba pentru a v\u0103 informa despre acest aspect.<\/span><\/span><\/span><\/p>\n<p class=\"western\" lang=\"ro-RO\"><span style=\"color: #333333;\"><span style=\"font-family: Playfair Display, serif;\"><span style=\"font-size: x-large;\"><span lang=\"en-US\"><b>C\u00e2t timp \u00ee\u021bi p\u0103str\u0103m datele<\/b><\/span><\/span><\/span><\/span><\/p>\n<p class=\"western\" lang=\"ro-RO\"><span style=\"font-family: Open Sans, serif;\"><span style=\"font-size: medium;\"><span lang=\"en-US\">Dac\u0103 la\u0219i un comentariu, comentariul \u0219i metadatele lui sunt p\u0103strate pe o perioad\u0103 nedeterminat\u0103. A\u0219a putem recunoa\u0219te \u0219i aproba automat toate comentariile urm\u0103toare \u00een loc s\u0103 le \u021binem \u00eentr-o coad\u0103 pentru moderare.<\/span><\/span><\/span><\/p>\n<p class=\"western\" lang=\"ro-RO\"><span style=\"font-family: Open Sans, serif;\"><span style=\"font-size: medium;\"><span lang=\"en-US\">Pentru utilizatorii (dac\u0103 exist\u0103) care se \u00eenregistreaz\u0103 pe situl nostru web, stoc\u0103m \u0219i informa\u021biile personale pe care le furnizeaz\u0103 \u00een profilul lor de utilizator. To\u021bi utilizatorii \u00ee\u0219i pot vedea, edita sau \u0219terge informa\u021biile personale oric\u00e2nd (dar nu \u00ee\u0219i pot schimba numele de utilizator). De asemenea, administratorii sitului web pot vedea \u0219i edita aceste informa\u021bii.<\/span><\/span><\/span><\/p>\n<p class=\"western\" lang=\"ro-RO\"><span style=\"color: #333333;\"><span style=\"font-family: Playfair Display, serif;\"><span style=\"font-size: x-large;\"><span lang=\"en-US\"><b>Ce drepturi ai asupra datelor tale<\/b><\/span><\/span><\/span><\/span><\/p>\n<p class=\"western\" lang=\"ro-RO\"><span style=\"font-family: Open Sans, serif;\"><span style=\"font-size: medium;\"><span lang=\"en-US\">Dac\u0103 ai un cont sau ai l\u0103sat comentarii pe acest sit web, po\u021bi cere s\u0103 prime\u0219ti un fi\u0219ier de export cu datele personale pe care le de\u021binem despre tine, inclusiv toate datele pe care ni le-ai furnizat. De asemenea, ne po\u021bi cere s\u0103 \u0219tergem toate datele personale pe care le de\u021binem despre tine. Acestea nu includ toate datele pe care suntem obliga\u021bi s\u0103 le p\u0103str\u0103m \u00een scopuri administrative, juridice sau de securitate.<\/span><\/span><\/span><\/p>\n<p class=\"western\" lang=\"ro-RO\"><span style=\"color: #333333;\"><span style=\"font-family: Playfair Display, serif;\"><span style=\"font-size: x-large;\"><span lang=\"en-US\"><b>Unde \u00ee\u021bi trimitem datele<\/b><\/span><\/span><\/span><\/span><\/p>\n<p class=\"western\" lang=\"ro-RO\"><span style=\"font-family: Open Sans, serif;\"><span style=\"font-size: medium;\"><span lang=\"en-US\">Comentariile vizitatorilor pot fi verificate printr-un serviciu automat de detectare a spamului.<\/span><\/span><\/span><\/p>\n<p class=\"western\" lang=\"ro-RO\"><span style=\"color: #333333;\"><span style=\"font-family: Playfair Display, serif;\"><span style=\"font-size: x-large;\"><span lang=\"en-US\"><b>Informa\u021biile de contact<\/b><\/span><\/span><\/span><\/span><\/p>\n<h4><span style=\"font-family: Times New Roman, serif;\"><span style=\"font-size: medium;\"><span style=\"font-family: Arial, serif;\"><span style=\"font-size: small;\">Asocia\u021bia pentru educa\u021bie complementar\u0103<\/span><\/span><span style=\"color: #666666;\"><span style=\"font-family: Open Sans, serif;\"><br \/>\n<\/span><\/span><span style=\"font-family: Arial, serif;\"><span style=\"font-size: small;\">Sediu:<\/span><\/span><span style=\"font-family: Arial, serif;\"><span style=\"font-size: small;\">Str. Simfoniei nr. 74, Dumbravita, Timis<\/span><\/span><span style=\"font-family: Arial, serif;\"><span style=\"font-size: small;\"><br \/>\nCUI: <\/span><\/span><span style=\"font-family: Arial, serif;\"><span style=\"font-size: small;\">26839821<br \/>\nEmail: vezi formularul de contact<\/span><\/span><span style=\"font-family: Arial, serif;\"><span style=\"font-size: small;\"><br \/>\n<\/span><\/span><\/span><\/span><\/h4>\n<p class=\"western\" lang=\"ro-RO\"><span style=\"color: #333333;\"><span style=\"font-family: Playfair Display, serif;\"><span style=\"font-size: x-large;\"><span lang=\"en-US\"><b>Informa\u021bii suplimentare<\/b><\/span><\/span><\/span><\/span><\/p>\n<p class=\"western\" lang=\"ro-RO\"><span style=\"color: #333333;\"><span style=\"font-family: Playfair Display, serif;\"><span style=\"font-size: x-large;\"><span lang=\"en-US\"><b>Facebook, Instagram ,Linkedin <\/b><\/span><\/span><\/span><\/span><\/p>\n<p class=\"western\" lang=\"ro-RO\"><a href=\"https:\/\/timisoara89.ro\/\"><span style=\"color: #0000ff;\"><u>http:\/\/protege.ro\/<\/u><\/span><\/a> <span style=\"font-family: Open Sans, serif;\"><span style=\"font-size: medium;\"><span lang=\"en-US\">folose\u0219te func\u021biuni de share din Facebook. Pute\u021bi verifica politica Facebook \u0219i modifica preferin\u021bele pe pagina<\/span><\/span><\/span><span style=\"color: #666666;\"><span style=\"font-family: Open Sans, serif;\"><span style=\"font-size: medium;\"><span lang=\"en-US\">\u00a0<\/span><\/span><\/span><\/span><u><a href=\"https:\/\/www.facebook.com\/policies\/cookies\/\"><span style=\"font-family: Open Sans, serif;\"><span style=\"font-size: medium;\"><span lang=\"en-US\"><span style=\"color: #0000ff;\">https:\/\/www.facebook.com\/policies\/cookies\/<\/span><\/span><\/span><\/span><\/a><\/u><\/p>\n<p class=\"western\" lang=\"ro-RO\"><span style=\"color: #000000;\"><span style=\"font-family: Open Sans, serif;\"><span style=\"font-size: medium;\"><span lang=\"en-US\"><span style=\"color: #0000ff;\">Instagram<\/span><\/span><\/span><\/span><\/span> <a href=\"https:\/\/help.instagram.com\/1896641480634370\"><span style=\"color: #0000ff;\"><u>https:\/\/help.instagram.com\/1896641480634370<\/u><\/span><\/a><\/p>\n<p class=\"western\" lang=\"ro-RO\">Linkedin <span style=\"color: #0000ff;\"><u><a href=\"https:\/\/www.linkedin.com\/legal\/cookie-policy?_l=ro_RO\">https:\/\/www.linkedin.com\/legal\/cookie-policy?_l=ro_RO<\/a><\/u><\/span><\/p>\n<p class=\"western\" lang=\"ro-RO\">\n","protected":false},"excerpt":{"rendered":"<p>Politicile de confiden\u021bialitate https:\/\/galactic.one specificate de Regulamentul (UE) 2016\/679 privind protec\u021bia persoanelor fizice \u00een ceea ce prive\u0219te prelucrarea datelor cu caracter personal \u0219i privind libera circula\u021bie a acestor date Cine suntem Site-ul\u00a0 https:\/\/galactic.one este de\u021binut de Asocia\u021bia Pentru Educa\u021bie Complementar\u0103 din Dumbr\u0103vi\u021ba Timi\u0219, str. Simfoniei nr, 74Adresa sitului web este:\u00a0https:\/\/galactic.one Ce date personale colect\u0103m \u0219i [&hellip;]<\/p>\n","protected":false},"author":2,"featured_media":0,"parent":0,"menu_order":0,"comment_status":"closed","ping_status":"closed","template":"","meta":[],"_links":{"self":[{"href":"https:\/\/festival.galactic.one\/2021\/wp-json\/wp\/v2\/pages\/1742"}],"collection":[{"href":"https:\/\/festival.galactic.one\/2021\/wp-json\/wp\/v2\/pages"}],"about":[{"href":"https:\/\/festival.galactic.one\/2021\/wp-json\/wp\/v2\/types\/page"}],"author":[{"embeddable":true,"href":"https:\/\/festival.galactic.one\/2021\/wp-json\/wp\/v2\/users\/2"}],"replies":[{"embeddable":true,"href":"https:\/\/festival.galactic.one\/2021\/wp-json\/wp\/v2\/comments?post=1742"}],"version-history":[{"count":3,"href":"https:\/\/festival.galactic.one\/2021\/wp-json\/wp\/v2\/pages\/1742\/revisions"}],"predecessor-version":[{"id":16109,"href":"https:\/\/festival.galactic.one\/2021\/wp-json\/wp\/v2\/pages\/1742\/revisions\/16109"}],"wp:attachment":[{"href":"https:\/\/festival.galactic.one\/2021\/wp-json\/wp\/v2\/media?parent=1742"}],"curies":[{"name":"wp","href":"https:\/\/api.w.org\/{rel}","templated":true}]}}