{"id":16545,"date":"2021-08-31T16:14:53","date_gmt":"2021-08-31T16:14:53","guid":{"rendered":"https:\/\/festival.galactic.one\/?page_id=16545"},"modified":"2021-09-13T13:06:28","modified_gmt":"2021-09-13T13:06:28","slug":"covid-19","status":"publish","type":"page","link":"https:\/\/festival.galactic.one\/2021\/covid-19\/","title":{"rendered":"Reguli legate de COVID-19"},"content":{"rendered":"<p><strong>Contextul special impus de criza COVID-19 ne solicit\u0103 implementarea unor reguli speciale pentru participarea la evenimente. Aceastea sunt g\u00e2ndite pentru a proteja s\u0103n\u0103tatea \u0219i siguran\u021ba participan\u021bilor \u0219i respect\u0103 toate recomand\u0103rile autorit\u0103\u021bilor. V\u0103 mul\u021bumim anticipat pentru respectarea m\u0103surilor care ne protejeaz\u0103 s\u0103n\u0103tatea \u0219i duc mai departe speran\u021ba s\u0103 ne vedem mai des!<\/strong><\/p>\n<p>Accesul \u00een spa\u021biul destinat evenimentului va avea loc doar cu 1 or\u0103 \u00eenaintea orei de \u00eencepere, specificat\u0103 \u00een programul oficial al festivalului.<br \/>\nP\u0103stra\u0163i distan\u0163a de siguran\u0163\u0103 fa\u0163\u0103 de ceilal\u0163i participan\u021bi \u0219i urma\u021bi fluxurile semnalizate de organizatori pentru intrare \u0219i ie\u0219ire.<br \/>\nPurtarea m\u0103\u0219tii este obligatorie pe \u00eentreaga durat\u0103 a evenimentului. Aceasta trebuie s\u0103 acopere corect nasul \u0219i gura. In cazul particip\u0103rii la cinema drive-in, \u00een interiorul ma\u0219inii nu trebuie purtat\u0103 masc\u0103.<\/p>\n<p>Condi\u021bii de participare:<br \/>\nEste permisa\u0306 participarea la festival doar pentru:<br \/>\n\u2013 persoanele care sunt vaccinate \u00eempotriva virusului SARS-CoV-2 s\u0326i pentru care au trecut 10 zile de la finalizarea schemei complete de vaccinare,<br \/>\n\u2013 persoanele care prezinta\u0306 rezultatul negativ al unui test RT-PCR pentru infect\u0326ia cu virusul SARS- CoV-2 nu mai vechi de 72 de ore sau rezultatul negativ certificat al unui test antigen rapid nu mai vechi de 24 de ore.<br \/>\n\u2013 persoanele care se afla\u0306 i\u0302n perioada cuprinsa\u0306 i\u0302ntre a 15-a zi s\u0326i a 90-a zi ulterioara\u0306 confirm\u0103rii infect\u0103rii cu SARS- CoV-2, fapt dovedit prin documente medicale (test RT-PCR pozitiv la data diagnosticului, bilet de externare din spital sau test care sa\u0306 dovedeasca\u0306 prezent\u0326a de anticorpi de tip IgG efectuat cu maxim 14 zile anterior desfa\u0306s\u0326ura\u0306rii festivalului).<br \/>\n\u2013 minorii sub 16 ani sunt excepta\u021bi de la prezentarea dovezilor medicale necesare particip\u0103rii la festival \u0219i de la verificarea \u00een Registrul electronic na\u021bional de vaccinare. Cei peste 5 ani vor purta masc\u0103.<\/p>\n<p>Prezentele reguli sunt obligatorii \u0219i au fost elaborate \u00een baza reglement\u0103rilor \u00een vigoare impuse de Ministerul Culturii, Ministerul S\u0103n\u0103t\u0103\u0163ii, Institutul Na\u0163ional de S\u0103n\u0103tate Public\u0103 \u015fi Comitetul Na\u0163ional pentru Situa\u0163ii de Urgen\u0163\u0103, precum \u015fi a m\u0103surilor speciale luate de organizatorii TGIFF pentru prevenirea \u015fi limitarea \u00eemboln\u0103virilor cu noul Coronavirus (COVID-19).<\/p>\n<p>Mai jos aveti paragraful referitor la desfasurarea activitatilor culturale de tip drive in din Hotararea\u00a0 932 din 10 sept 2021.<br \/>\n<em>10.\u00a0\u00een condi\u021biile\u00a0<a class=\"lp\" href=\"https:\/\/lege5.ro\/Gratuit\/ha4dembrgqza\/hotararea-nr-932-2021-privind-prelungirea-starii-de-alerta-pe-teritoriul-romaniei-incepand-cu-data-de-10-septembrie-2021-precum-si-stabilirea-masurilor-care-se-aplica-pe-durata-acesteia-pentru-preveni?pid=411679707&amp;d=2021-09-13#p-411679707\" target=\"_blank\" rel=\"noopener\">pct. 7<\/a>, la nivelul jude\u021belor\/localit\u0103\u021bilor unde inciden\u021ba cumulat\u0103 la 14 zile este mai mic\u0103 sau egal\u0103 cu 3\/1.000 de locuitori, organizarea \u0219i desf\u0103\u0219urarea spectacolelor de tipul drive-in sunt permise numai dac\u0103 ocupan\u021bii unui autovehicul sunt membrii aceleia\u0219i familii sau reprezint\u0103 grupuri de p\u00e2n\u0103 la 4 persoane. Participarea este permis\u0103 doar pentru persoanele care sunt vaccinate \u00eempotriva virusului SARS-CoV-2 \u0219i pentru care au trecut 10 zile de la finalizarea schemei complete de vaccinare, persoanele care prezint\u0103 rezultatul negativ al unui test RT-PCR pentru infec\u021bia cu virusul SARS-CoV-2 nu mai vechi de 72 de ore sau rezultatul negativ certificat al unui test antigen rapid pentru infec\u021bia cu virusul SARS-CoV-2 nu mai vechi de 48 de ore, respectiv persoanele care se afl\u0103 \u00een perioada cuprins\u0103 \u00eentre a 15-a zi \u0219i a 180-a zi ulterioar\u0103 confirm\u0103rii infect\u0103rii cu virusul SARS-CoV-2, \u00een condi\u021biile stabilite prin ordinul comun al ministrului culturii \u0219i al ministrului s\u0103n\u0103t\u0103\u021bii, emis \u00een temeiul\u00a0<a class=\"lp\" href=\"https:\/\/lege5.ro\/Gratuit\/gm3tambxgyyq\/legea-nr-55-2020-privind-unele-masuri-pentru-prevenirea-si-combaterea-efectelor-pandemiei-de-covid-19?pid=315507932&amp;d=2021-09-13#p-315507932\" target=\"_blank\" rel=\"noopener\">art. 44<\/a>\u00a0\u0219i al art. 71\u00a0<a class=\"lp\" href=\"https:\/\/lege5.ro\/Gratuit\/gm3tambxgyyq\/legea-nr-55-2020-privind-unele-masuri-pentru-prevenirea-si-combaterea-efectelor-pandemiei-de-covid-19?pid=315508066&amp;d=2021-09-13#p-315508066\" target=\"_blank\" rel=\"noopener\">alin. (2)<\/a>\u00a0din Legea nr. 55\/2020, cu modific\u0103rile \u0219i complet\u0103rile ulterioare. Activit\u0103\u021bile sunt interzise la nivelul jude\u021belor\/localit\u0103\u021bilor unde inciden\u021ba cumulat\u0103 la 14 zile este mai mare de 3\/1.000 de locuitori;<\/em><\/p>\n<p>Prin participarea la acest eveniment accep\u021bi <a href=\"https:\/\/festival.galactic.one\/reguli-la-festival\/\">regulamentul festivalului<\/a> \u015fi e\u015fti de acord cu demersul organizatorilor de a controla respectarea acestuia.<\/p>\n","protected":false},"excerpt":{"rendered":"<p>Contextul special impus de criza COVID-19 ne solicit\u0103 implementarea unor reguli speciale pentru participarea la evenimente. Aceastea sunt g\u00e2ndite pentru a proteja s\u0103n\u0103tatea \u0219i siguran\u021ba participan\u021bilor \u0219i respect\u0103 toate recomand\u0103rile autorit\u0103\u021bilor. V\u0103 mul\u021bumim anticipat pentru respectarea m\u0103surilor care ne protejeaz\u0103 s\u0103n\u0103tatea \u0219i duc mai departe speran\u021ba s\u0103 ne vedem mai des! Accesul \u00een spa\u021biul destinat [&hellip;]<\/p>\n","protected":false},"author":2,"featured_media":0,"parent":0,"menu_order":0,"comment_status":"closed","ping_status":"closed","template":"","meta":[],"_links":{"self":[{"href":"https:\/\/festival.galactic.one\/2021\/wp-json\/wp\/v2\/pages\/16545"}],"collection":[{"href":"https:\/\/festival.galactic.one\/2021\/wp-json\/wp\/v2\/pages"}],"about":[{"href":"https:\/\/festival.galactic.one\/2021\/wp-json\/wp\/v2\/types\/page"}],"author":[{"embeddable":true,"href":"https:\/\/festival.galactic.one\/2021\/wp-json\/wp\/v2\/users\/2"}],"replies":[{"embeddable":true,"href":"https:\/\/festival.galactic.one\/2021\/wp-json\/wp\/v2\/comments?post=16545"}],"version-history":[{"count":4,"href":"https:\/\/festival.galactic.one\/2021\/wp-json\/wp\/v2\/pages\/16545\/revisions"}],"predecessor-version":[{"id":16823,"href":"https:\/\/festival.galactic.one\/2021\/wp-json\/wp\/v2\/pages\/16545\/revisions\/16823"}],"wp:attachment":[{"href":"https:\/\/festival.galactic.one\/2021\/wp-json\/wp\/v2\/media?parent=16545"}],"curies":[{"name":"wp","href":"https:\/\/api.w.org\/{rel}","templated":true}]}}